{"id":56283,"date":"2020-08-31T10:54:29","date_gmt":"2020-08-31T10:54:29","guid":{"rendered":"http:\/\/cnc.gov.ro\/?page_id=56283"},"modified":"2025-04-01T13:11:06","modified_gmt":"2025-04-01T13:11:06","slug":"certificate-de-origine-certificate-recunoastere-statut-coproductii","status":"publish","type":"page","link":"http:\/\/cnc.gov.ro\/?page_id=56283","title":{"rendered":"Certificate de origine\/Certificate recunoa\u0219tere statut coproduc\u021bii"},"content":{"rendered":"<div class=\"wpb-content-wrapper\"><p>[vc_row gap=&#8221;35&#8243;][vc_column width=&#8221;1\/3&#8243;][vc_custom_heading source=&#8221;post_title&#8221; font_container=&#8221;tag:h5|font_size:26|text_align:left|color:%23ba4d9e|line_height:1.2&#8243; use_theme_fonts=&#8221;yes&#8221; css=&#8221;.vc_custom_1518040258879{margin-top: 35px !important;padding-bottom: 15px !important;}&#8221;][\/vc_column][vc_column width=&#8221;2\/4&#8243; css=&#8221;.vc_custom_1518040177794{border-radius: 1px !important;}&#8221;][vc_separator][vc_column_text css=&#8221;&#8221;]I. \u00cen vederea eliber\u0103rii de certificate pentru recunoa\u0219trea statului (provizoriu\/definitiv) al unei coproduc\u021bii cinematografice \u00een care se afl\u0103 implicat \u0219i un produc\u0103tor rom\u00e2n (majoritar sau minoritar), \u00een conformitate cu prevederile Consiliului Europei sunt necesare urm\u0103toarele documente:<\/p>\n<ol>\n<li><strong>Pentru statut provizoriu:<br \/>\n<\/strong>1.0 <a href=\"\/wp-content\/uploads\/2025\/04\/cerere25-fg.docx\">Cerere tip<\/a><br \/>\n1.1  sinopsis scurt al filmului;<br \/>\n1.2 lista provizorie a contribu\u021biilor tehnice \u0219i artistice din fiecare dintre \u021b\u0103ri implicate (nu este necesar \u00een cazul unei co-produc\u021bii financiare);<br \/>\n1.3 buget \u0219i un plan provizoriu de finan\u021bare;<br \/>\n1.4 calendar produc\u021bie provizoriu;<br \/>\n1.5 contractul de coproduc\u021bie sau un acord de form\u0103 scurt\u0103 (\u201ememo deal\u201d) \u00eencheiat \u00eentre co-produc\u0103tori. Acest document trebuie s\u0103 includ\u0103 clauze care s\u0103 prevad\u0103 distribuirea clar\u0103 a \u00eencas\u0103rilor sau teritoriilor \u00eentre coproduc\u0103tori.<br \/>\n1.6 \u00cen cazul unei co-produc\u021bii minoritare, certificatul de co-produc\u021bie provizorie emis\u0103 de \u021bara majoritar\u0103<\/li>\n<\/ol>\n<p>2.\u00a0<strong>Pentru statut definitiv:<\/strong><br \/>\n1.0 <a href=\"\/wp-content\/uploads\/2025\/04\/cerere25-fg.docx\">Cerere tip<\/a><br \/>\n1.1 lista tuturor drepturilor de autor \u0219i conexe contractate (chain of title);<br \/>\n1.2 scenariul final;<br \/>\n1.3 lista definitiv\u0103 a contribu\u021biilor tehnice \u0219i artistice din fiecare dintre \u021b\u0103ri implicate (nu este necesar \u00een cazul unei co-produc\u021bii financiare);<br \/>\n1.4 plan final de finan\u021bare;<br \/>\n1.5 cost report final sau audit pe tot proiectul (toate \u021b\u0103rile implicate);<br \/>\n1.6 contractul final de coproduc\u021bie \u00eencheiat \u00eentre co-produc\u0103tori. Acest document trebuie s\u0103 includ\u0103 clauze care s\u0103 prevad\u0103 distribuirea clar\u0103 a \u00eencas\u0103rilor sau teritoriilor \u00eentre coproduc\u0103tori.<br \/>\n1.7 \u00cen cazul unei co-produc\u021bii minoritare, certificatul de co-produc\u021bie definitiv\u0103 emis\u0103 de \u021bara majoritar\u0103\n<\/p>\n<p>II. \u00cen vederea eliber\u0103rii de <strong>certificate de origine<\/strong>, \u00een conformitate cu legisla\u021bia na\u021bional\u0103 sunt necesare urm\u0103toarele documente:<\/p>\n<p>1.0 <a href=\"http:\/\/cnc.gov.ro\/wp-content\/uploads\/2025\/02\/cerere-fg.docx\">Cerere tip<\/a><br \/>\n1.1 Declara\u021bie pe proprie r\u0103spundere cu privire la \u00eendeplinirea condi\u021biilor prev\u0103zute \u00een Anexa II la OG 39\/2005 privind cinematografia (se reg\u0103se\u0219te \u00een cerere)<\/p>\n<p>1.2 Genericul final al filmului \u00een format *pdf sau *doc.[\/vc_column_text][vc_separator][\/vc_column][\/vc_row]<\/p>\n<\/div>","protected":false},"excerpt":{"rendered":"<p>[vc_row gap=&#8221;35&#8243;][vc_column width=&#8221;1\/3&#8243;][vc_custom_heading source=&#8221;post_title&#8221; font_container=&#8221;tag:h5|font_size:26|text_align:left|color:%23ba4d9e|line_height:1.2&#8243; use_theme_fonts=&#8221;yes&#8221; css=&#8221;.vc_custom_1518040258879{margin-top: 35px !important;padding-bottom: 15px !important;}&#8221;][\/vc_column][vc_column width=&#8221;2\/4&#8243; css=&#8221;.vc_custom_1518040177794{border-radius: 1px !important;}&#8221;][vc_separator][vc_column_text css=&#8221;&#8221;]I. \u00cen vederea eliber\u0103rii de certificate pentru recunoa\u0219trea statului (provizoriu\/definitiv) al unei coproduc\u021bii cinematografice \u00een care se afl\u0103 implicat \u0219i un produc\u0103tor rom\u00e2n (majoritar sau minoritar), \u00een conformitate cu prevederile Consiliului Europei sunt necesare urm\u0103toarele documente: Pentru statut provizoriu: 1.0&hellip;<\/p>\n","protected":false},"author":2,"featured_media":0,"parent":51646,"menu_order":0,"comment_status":"closed","ping_status":"closed","template":"","meta":{"footnotes":""},"class_list":["post-56283","page","type-page","status-publish","hentry","description-off"],"_links":{"self":[{"href":"http:\/\/cnc.gov.ro\/index.php?rest_route=\/wp\/v2\/pages\/56283","targetHints":{"allow":["GET"]}}],"collection":[{"href":"http:\/\/cnc.gov.ro\/index.php?rest_route=\/wp\/v2\/pages"}],"about":[{"href":"http:\/\/cnc.gov.ro\/index.php?rest_route=\/wp\/v2\/types\/page"}],"author":[{"embeddable":true,"href":"http:\/\/cnc.gov.ro\/index.php?rest_route=\/wp\/v2\/users\/2"}],"replies":[{"embeddable":true,"href":"http:\/\/cnc.gov.ro\/index.php?rest_route=%2Fwp%2Fv2%2Fcomments&post=56283"}],"version-history":[{"count":10,"href":"http:\/\/cnc.gov.ro\/index.php?rest_route=\/wp\/v2\/pages\/56283\/revisions"}],"predecessor-version":[{"id":61733,"href":"http:\/\/cnc.gov.ro\/index.php?rest_route=\/wp\/v2\/pages\/56283\/revisions\/61733"}],"up":[{"embeddable":true,"href":"http:\/\/cnc.gov.ro\/index.php?rest_route=\/wp\/v2\/pages\/51646"}],"wp:attachment":[{"href":"http:\/\/cnc.gov.ro\/index.php?rest_route=%2Fwp%2Fv2%2Fmedia&parent=56283"}],"curies":[{"name":"wp","href":"https:\/\/api.w.org\/{rel}","templated":true}]}}