{"id":52629,"date":"2018-02-06T17:13:53","date_gmt":"2018-02-06T17:13:53","guid":{"rendered":"http:\/\/cncnew2.abt.ro\/transparenta\/hotarari-c-a\/arhiva\/"},"modified":"2026-01-28T15:31:31","modified_gmt":"2026-01-28T12:31:31","slug":"arhiva","status":"publish","type":"page","link":"http:\/\/cnc.gov.ro\/?page_id=52629","title":{"rendered":"Arhiv\u0103"},"content":{"rendered":"<div class=\"wpb-content-wrapper\"><p>[vc_row][vc_column width=&#8221;1\/4&#8243;][vc_text_separator title=&#8221;&#8221; title_align=&#8221;separator_align_left&#8221; color=&#8221;custom&#8221; accent_color=&#8221;#ffffff&#8221;][vc_text_separator title=&#8221;Arhiv\u0103 Hot\u0103r\u00e2ri ale Consiliului de administra\u021bie&#8221; title_align=&#8221;separator_align_left&#8221; color=&#8221;custom&#8221; accent_color=&#8221;#ba4d9e&#8221;][\/vc_column][vc_column width=&#8221;1\/2&#8243;][vc_separator color=&#8221;white&#8221;][vc_tta_accordion color=&#8221;purple&#8221; c_align=&#8221;center&#8221; active_section=&#8221;1&#8243; no_fill=&#8221;true&#8221;][vc_tta_section title=&#8221;2007 &#8211; 2017&#8243; tab_id=&#8221;1517992957387-91f2468e-12c5&#8243;][vc_column_text css=&#8221;&#8221;]<a href=\"http:\/\/cnc.gov.ro\/wp-content\/uploads\/2026\/01\/Arhiva_HCA_2007.zip\">Arhiva_HCA_2007 <\/a><\/p>\n<p><a href=\"http:\/\/cnc.gov.ro\/wp-content\/uploads\/2026\/01\/Arhiva_HCA_2008.zip\">Arhiva_HCA_2008<\/a><\/p>\n<p><a href=\"http:\/\/cnc.gov.ro\/wp-content\/uploads\/2026\/01\/Arhiva_HCA_2009.zip\">Arhiva_HCA_2009<\/a><\/p>\n<p><a href=\"http:\/\/cnc.gov.ro\/wp-content\/uploads\/2026\/01\/Arhiva_HCA_2010.zip\">Arhiva_HCA_2010<\/a><\/p>\n<p><a href=\"http:\/\/cnc.gov.ro\/wp-content\/uploads\/2026\/01\/Arhiva_HCA_2011_1-200.zip\">Arhiva_HCA_2011_1-200<\/a><\/p>\n<p><a href=\"http:\/\/cnc.gov.ro\/wp-content\/uploads\/2026\/01\/Arhiva_HCA_2011_201-279.zip\">Arhiva_HCA_2011_201-279<\/a><\/p>\n<p><a href=\"http:\/\/cnc.gov.ro\/wp-content\/uploads\/2026\/01\/Arhiva_HCA_2012_1-200.zip\">Arhiva_HCA_2012_1-200<\/a><\/p>\n<p><a href=\"http:\/\/cnc.gov.ro\/wp-content\/uploads\/2026\/01\/Arhiva_HCA_2012_201-278.zip\">Arhiva_HCA_2012_201-278<\/a><\/p>\n<p><a href=\"http:\/\/cnc.gov.ro\/wp-content\/uploads\/2026\/01\/Arhiva_HCA_2013_1-200.zip\">Arhiva_HCA_2013_1-200<\/a><\/p>\n<p><a href=\"http:\/\/cnc.gov.ro\/wp-content\/uploads\/2026\/01\/Arhiva_HCA_2013_201-273.zip\">Arhiva_HCA_2013_201-273<\/a><\/p>\n<p><a href=\"http:\/\/cnc.gov.ro\/wp-content\/uploads\/2026\/01\/Arhiva_HCA_2014_1-200.zip\">Arhiva_HCA_2014_1-200<\/a><\/p>\n<p><a href=\"http:\/\/cnc.gov.ro\/wp-content\/uploads\/2026\/01\/Arhiva_HCA_2014_201-393.zip\">Arhiva_HCA_2014_201-393<\/a><\/p>\n<p><a href=\"http:\/\/cnc.gov.ro\/wp-content\/uploads\/2026\/01\/Arhiva_HCA_2015_1-200.zip\">Arhiva_HCA_2015_1-200<\/a><\/p>\n<p><a href=\"http:\/\/cnc.gov.ro\/wp-content\/uploads\/2026\/01\/Arhiva_HCA_2015_201-423.zip\">Arhiva_HCA_2015_201-423<\/a><\/p>\n<p><a href=\"http:\/\/cnc.gov.ro\/wp-content\/uploads\/2026\/01\/Arhiva_HCA_2016_1-233.zip\">Arhiva_HCA_2016_1-233<\/a><\/p>\n<p><a href=\"http:\/\/cnc.gov.ro\/wp-content\/uploads\/2026\/01\/Arhiva_HCA_2016_234-409.zip\">Arhiva_HCA_2016_234-409<\/a><\/p>\n<p><a href=\"http:\/\/cnc.gov.ro\/wp-content\/uploads\/2026\/01\/Arhiva_HCA_2017_1-201.zip\">Arhiva_HCA_2017_1-201<\/a><\/p>\n<p><a href=\"http:\/\/cnc.gov.ro\/wp-content\/uploads\/2026\/01\/Arhiva_HCA_2017_202-357.zip\">Arhiva_HCA_2017_202-357<\/a>[\/vc_column_text][\/vc_tta_section][\/vc_tta_accordion][\/vc_column][vc_column width=&#8221;1\/4&#8243;][\/vc_column][\/vc_row]<\/p>\n<\/div>","protected":false},"excerpt":{"rendered":"<p>[vc_row][vc_column width=&#8221;1\/4&#8243;][vc_text_separator title=&#8221;&#8221; title_align=&#8221;separator_align_left&#8221; color=&#8221;custom&#8221; accent_color=&#8221;#ffffff&#8221;][vc_text_separator title=&#8221;Arhiv\u0103 Hot\u0103r\u00e2ri ale Consiliului de administra\u021bie&#8221; title_align=&#8221;separator_align_left&#8221; color=&#8221;custom&#8221; accent_color=&#8221;#ba4d9e&#8221;][\/vc_column][vc_column width=&#8221;1\/2&#8243;][vc_separator color=&#8221;white&#8221;][vc_tta_accordion color=&#8221;purple&#8221; c_align=&#8221;center&#8221; active_section=&#8221;1&#8243; no_fill=&#8221;true&#8221;][vc_tta_section title=&#8221;2007 &#8211; 2017&#8243; tab_id=&#8221;1517992957387-91f2468e-12c5&#8243;][vc_column_text css=&#8221;&#8221;]Arhiva_HCA_2007 Arhiva_HCA_2008 Arhiva_HCA_2009 Arhiva_HCA_2010 Arhiva_HCA_2011_1-200 Arhiva_HCA_2011_201-279 Arhiva_HCA_2012_1-200 Arhiva_HCA_2012_201-278 Arhiva_HCA_2013_1-200 Arhiva_HCA_2013_201-273 Arhiva_HCA_2014_1-200 Arhiva_HCA_2014_201-393 Arhiva_HCA_2015_1-200 Arhiva_HCA_2015_201-423 Arhiva_HCA_2016_1-233 Arhiva_HCA_2016_234-409 Arhiva_HCA_2017_1-201 Arhiva_HCA_2017_202-357[\/vc_column_text][\/vc_tta_section][\/vc_tta_accordion][\/vc_column][vc_column width=&#8221;1\/4&#8243;][\/vc_column][\/vc_row]<\/p>\n","protected":false},"author":2,"featured_media":0,"parent":51644,"menu_order":1031,"comment_status":"closed","ping_status":"closed","template":"","meta":{"footnotes":""},"class_list":["post-52629","page","type-page","status-publish","hentry","description-off"],"_links":{"self":[{"href":"http:\/\/cnc.gov.ro\/index.php?rest_route=\/wp\/v2\/pages\/52629","targetHints":{"allow":["GET"]}}],"collection":[{"href":"http:\/\/cnc.gov.ro\/index.php?rest_route=\/wp\/v2\/pages"}],"about":[{"href":"http:\/\/cnc.gov.ro\/index.php?rest_route=\/wp\/v2\/types\/page"}],"author":[{"embeddable":true,"href":"http:\/\/cnc.gov.ro\/index.php?rest_route=\/wp\/v2\/users\/2"}],"replies":[{"embeddable":true,"href":"http:\/\/cnc.gov.ro\/index.php?rest_route=%2Fwp%2Fv2%2Fcomments&post=52629"}],"version-history":[{"count":9,"href":"http:\/\/cnc.gov.ro\/index.php?rest_route=\/wp\/v2\/pages\/52629\/revisions"}],"predecessor-version":[{"id":62716,"href":"http:\/\/cnc.gov.ro\/index.php?rest_route=\/wp\/v2\/pages\/52629\/revisions\/62716"}],"up":[{"embeddable":true,"href":"http:\/\/cnc.gov.ro\/index.php?rest_route=\/wp\/v2\/pages\/51644"}],"wp:attachment":[{"href":"http:\/\/cnc.gov.ro\/index.php?rest_route=%2Fwp%2Fv2%2Fmedia&parent=52629"}],"curies":[{"name":"wp","href":"https:\/\/api.w.org\/{rel}","templated":true}]}}