{"id":52458,"date":"2018-02-05T12:12:35","date_gmt":"2018-02-05T12:12:35","guid":{"rendered":"http:\/\/cncnew2.abt.ro\/?page_id=52458"},"modified":"2023-04-21T04:12:07","modified_gmt":"2023-04-21T04:12:07","slug":"solicitare-informatii","status":"publish","type":"page","link":"http:\/\/cnc.gov.ro\/?page_id=52458","title":{"rendered":"Solicitare informa\u021bii"},"content":{"rendered":"<div class=\"wpb-content-wrapper\"><p>[vc_row][vc_column width=&#8221;1\/4&#8243;][vc_separator color=&#8221;white&#8221;][vc_text_separator title=&#8221;Solicitare informa\u021bii de interes public&#8221; title_align=&#8221;separator_align_left&#8221; color=&#8221;custom&#8221; accent_color=&#8221;#ba4d9e&#8221;][\/vc_column][vc_column width=&#8221;1\/4&#8243;][vc_separator color=&#8221;white&#8221;][vc_column_text]<\/p>\n<h4><span style=\"color: #ba4d9e; font-size: 12px;\"><a style=\"color: #ba4d9e;\" href=\"\/wp-content\/uploads\/2023\/04\/Decizia26.pdf\" target=\"_blank\" rel=\"noopener\"> &raquo; Decizia nr. 26 din 4.04.2023<\/a><\/span><\/h4>\n<h4><span style=\"color: #ba4d9e; font-size: 12px;\"><a style=\"color: #ba4d9e;\" href=\"\/wp-content\/uploads\/2023\/04\/Decizia27.pdf\" target=\"_blank\" rel=\"noopener\"> &raquo; Decizia nr. 27 din 4.04.2023<\/a><\/span><\/h4>\n<h4><span style=\"color: #ba4d9e; font-size: 12px;\"><a style=\"color: #ba4d9e;\" href=\"\/wp-content\/uploads\/2023\/04\/Regulament.pdf\" target=\"_blank\" rel=\"noopener\"> &raquo; Regulament privind organizarea \u0219i func\u021bionarea Structurii de informare \u0219i rela\u021bii publice<\/a><\/span><\/h4>\n<p><!--<\/p>\n\n\n\n\n<h4><span style=\"font-size: 12px;\">\u00a0<\/span><\/h4>\n\n\n\n\n<h4><span style=\"color: #ba4d9e; font-size: 12px;\"><a style=\"color: #ba4d9e;\" href=\"http:\/\/cncold.gov.ro\/wp-content\/uploads\/2016\/01\/Decizia116_2014.pdf\" target=\"_blank\" rel=\"noopener\">1. Decizia nr. 116 din 2014 <\/a><\/span><\/h4>\n\n\n\n\n<h4><span style=\"color: #ba4d9e; font-size: 12px;\"><a style=\"color: #ba4d9e;\" href=\"http:\/\/cncold.gov.ro\/wp-content\/themes\/cnc\/pdf\/fls-1408.pdf\" target=\"_blank\" rel=\"noopener\">2. Decizia nr. 29 din 01.06.2012 <\/a><\/span><\/h4>\n\n\n\n\n<h4><span style=\"color: #ba4d9e; font-size: 12px;\"><a style=\"color: #ba4d9e;\" href=\"http:\/\/cncold.gov.ro\/wp-content\/themes\/cnc\/pdf\/fls-1409.pdf\" target=\"_blank\" rel=\"noopener\">3. Regulament privind organizarea \u0219i func\u021bionarea Structurii de informare \u0219i rela\u021bii publice <\/a><\/span><\/h4>\n\n\n\n\n<h4><span style=\"color: #ba4d9e; font-size: 12px;\"><a style=\"color: #ba4d9e;\" href=\"http:\/\/cncold.gov.ro\/wp-content\/themes\/cnc\/pdf\/fls-1407.pdf\" target=\"_blank\" rel=\"noopener\">4. Modalit\u0103\u021bile de contestare a deciziei C.N.C. \u00een baza L 544\/2001<\/a><\/span><\/h4>\n\n\n\n\n<h4><span style=\"color: #ba4d9e; font-size: 12px;\"><a style=\"color: #ba4d9e;\" href=\"http:\/\/cncold.gov.ro\/wp-content\/themes\/cnc\/pdf\/fls-1410.docx\" target=\"_blank\" rel=\"noopener\">5. Anexa 1-6 la Regulamentul privind liberul acces la informa\u021biile publice<\/a><\/span><\/h4>\n\n\n\n\n<h4><span style=\"color: #ba4d9e; font-size: 12px;\"><a style=\"color: #ba4d9e;\" href=\"http:\/\/cncold.gov.ro\/wp-content\/themes\/cnc\/pdf\/fls-1655.PDF\" target=\"_blank\" rel=\"noopener\">6. Decizia nr. 27 din 17.04.2013<\/a><\/span><\/h4>\n\n\n\n\n<h4><span style=\"color: #ba4d9e; font-size: 12px;\"><a style=\"color: #ba4d9e;\" href=\"http:\/\/cncold.gov.ro\/wp-content\/uploads\/2016\/03\/GHID-ANTIFUMAT-GOV.pdf\" target=\"_blank\" rel=\"noopener\">7. Ghid Antifumat GOV<\/a><\/span><\/h4>\n\n\n\n\n<h4><span style=\"color: #ba4d9e; font-size: 12px;\"><a style=\"color: #ba4d9e;\" href=\"\/wp-content\/uploads\/2019\/09\/RAPORT-FINAL-ANEXA-10-LA-LG-544-PT-2018.pdf\" target=\"_blank\" rel=\"noopener\">8. Raportul de evaluare Legea 544\/2001 pentru anul 2018<\/a><\/span><\/h4>\n\n\n\n\n<h4><span style=\"color: #ba4d9e; font-size: 12px;\"><a style=\"color: #ba4d9e;\" href=\"\/wp-content\/uploads\/2019\/10\/DCIZIA-42-DIN-2019.pdf\" target=\"_blank\" rel=\"noopener\">9. Decizia nr. 42 din 2019<\/a><\/span><\/h4>\n\n\n\n\n<p>-->[\/vc_column_text][\/vc_column][vc_column width=&#8221;1\/2&#8243;][vc_separator color=&#8221;white&#8221;][vc_column_text]<a href=\"\/wp-content\/uploads\/2022\/08\/ordin.pdf\" target=\"_blank\" rel=\"noopener\">Ordin nr 32611 din 16.08.2022 privind aprobarea taxei pentru serviciul de copiere a informatiilor de interes public solicitate pe suport de hartie, pentru institutiile din subordinea Ministerului Culturii<\/a><\/p>\n<h4><\/h4>\n<h4 style=\"text-align: justify;\"><span style=\"font-size: 12px;\">Pentru solicitarea informa\u021biilor de interes public \u00een baza Legii 544\/2001 v\u0103 rug\u0103m s\u0103 completa\u021bi urmatorul formular:<\/span><\/h4>\n<h4 style=\"text-align: justify;\"><span style=\"font-size: 12px;\"><span style=\"color: #ba4d9e;\"><a style=\"color: #ba4d9e;\" href=\"\/wp-content\/uploads\/2019\/01\/ANEXA-NR.-1-B.C.D.S.-Model-cerere-informatii-de-interes-public.doc\" target=\"_blank\" rel=\"noopener\" data-entity-type=\"file\" data-entity-uuid=\"8a5f67de-e4f0-4642-b9a9-51075045ceae\">Formular \u2013 tip pentru solicitarea de informa\u021bii publice<\/a><\/span> <strong>| <\/strong>timp de completare: 10 minute.<\/span><\/h4>\n<h4 style=\"text-align: justify;\"><span style=\"font-size: 12px;\">Solicitarea informa\u021biilor de interes public se poate realiza verbal sau \u00een scris, electronic sau pe suport de h\u00e2rtie, utiliz\u00e2nd datele de contact specificate \u00een sec\u021biunea <span style=\"color: #ba4d9e;\"><a style=\"color: #ba4d9e;\" href=\"http:\/\/localhost:8888\/contact-cnc\/\">contact<\/a><\/span>.<\/span><\/h4>\n<h4 style=\"text-align: justify;\"><span style=\"font-size: 12px;\">Centrul Na\u021bional al Cinematografiei public\u0103 din oficiu o serie de informa\u021bii de interes public relevante pentru tipul s\u0103u de activitate. Ve\u021bi g\u0103si aceste informa\u021bii \u00een cadrul sec\u021biunii dedicate transparen\u021bei. \u00a0V\u0103 invit\u0103m s\u0103 le consulta\u021bi. Pentru ceea ce nu este disponibil online, v\u0103 rug\u0103m s\u0103 ne contacta\u021bi.\u00a0<\/span><\/h4>\n<h4 style=\"text-align: justify;\"><span style=\"font-size: 12px;\"><strong>Modele de reclama\u021bii administrative:\u00a0<\/strong><\/span><\/h4>\n<h4 style=\"text-align: justify;\"><span style=\"font-size: 12px;\"><span style=\"color: #ba4d9e;\"><a style=\"color: #ba4d9e;\" href=\"http:\/\/www.cultura.ro\/sites\/default\/files\/inline-files\/ANEXA%20NR.%203%20-%20B.C.D.S.%20-%20Model%20-%20Reclamatie%20administrativa%20nr.%202%20-%20depasire%20termenul%20legal_1.doc\" target=\"_blank\" rel=\"noopener\" data-entity-type=\"file\" data-entity-uuid=\"c3f61327-cbcb-4717-908b-26d69a338f47\">Formular \u2013 tip pentru reclama\u021bie administrativ\u0103 (\u00eent\u00e2rziere r\u0103spuns)<\/a><\/span> | timp de completare: 10 minute.<\/span><\/h4>\n<h4 style=\"text-align: justify;\"><span style=\"font-size: 12px;\"><span style=\"color: #ba4d9e;\"><a style=\"color: #ba4d9e;\" href=\"http:\/\/www.cultura.ro\/sites\/default\/files\/inline-files\/ANEXA%20NR.%202%20-%20B.C.D.S.%20-Model%20-%20Reclamatie%20administrativa%20%20%281%29%20pentru%20primirea%20unui%20raspuns%20negativ-21.07.16_0.doc\" target=\"_blank\" rel=\"noopener\" data-entity-type=\"file\" data-entity-uuid=\"b189ca3a-1ff9-4b32-ac10-5bc52dc42f27\">Formular \u2013 tip pentru reclama\u021bie administrativ\u0103 (r\u0103spuns negativ) <\/a><\/span>| timp de completare: 10 minute.<\/span><\/h4>\n<h4 style=\"text-align: justify;\"><span style=\"font-size: 12px;\">\u00a0<\/span><\/h4>\n<h4 style=\"text-align: justify;\"><span style=\"font-size: 12px;\"><a href=\"\/wp-content\/uploads\/2018\/12\/MODEL-SOLICITARE-INF-INT-PBL-RGPD.docx\"><strong>Model solicitari informatii de interes public<\/strong><\/a><\/span><\/h4>\n<h4><span style=\"font-size: 12px;\"><strong><br \/>\nPersoana responsabila cu difuzarea informatiilor de interes public este Consilier Nicoleta Smarandache.<br \/>\nTelefon : 0213104301 Interior 104<br \/>\n<\/strong><\/span><\/h4>\n<p>[\/vc_column_text][\/vc_column][\/vc_row]<\/p>\n<\/div>","protected":false},"excerpt":{"rendered":"<p>[vc_row][vc_column width=&#8221;1\/4&#8243;][vc_separator color=&#8221;white&#8221;][vc_text_separator title=&#8221;Solicitare informa\u021bii de interes public&#8221; title_align=&#8221;separator_align_left&#8221; color=&#8221;custom&#8221; accent_color=&#8221;#ba4d9e&#8221;][\/vc_column][vc_column width=&#8221;1\/4&#8243;][vc_separator color=&#8221;white&#8221;][vc_column_text] &raquo; Decizia nr. 26 din 4.04.2023 &raquo; Decizia nr. 27 din 4.04.2023 &raquo; Regulament privind organizarea \u0219i func\u021bionarea Structurii de informare \u0219i rela\u021bii publice [\/vc_column_text][\/vc_column][vc_column width=&#8221;1\/2&#8243;][vc_separator color=&#8221;white&#8221;][vc_column_text]Ordin nr 32611 din 16.08.2022 privind aprobarea taxei pentru serviciul de copiere a informatiilor de interes&hellip;<\/p>\n","protected":false},"author":2,"featured_media":0,"parent":51645,"menu_order":0,"comment_status":"closed","ping_status":"closed","template":"","meta":{"footnotes":""},"class_list":["post-52458","page","type-page","status-publish","hentry","description-off"],"_links":{"self":[{"href":"http:\/\/cnc.gov.ro\/index.php?rest_route=\/wp\/v2\/pages\/52458","targetHints":{"allow":["GET"]}}],"collection":[{"href":"http:\/\/cnc.gov.ro\/index.php?rest_route=\/wp\/v2\/pages"}],"about":[{"href":"http:\/\/cnc.gov.ro\/index.php?rest_route=\/wp\/v2\/types\/page"}],"author":[{"embeddable":true,"href":"http:\/\/cnc.gov.ro\/index.php?rest_route=\/wp\/v2\/users\/2"}],"replies":[{"embeddable":true,"href":"http:\/\/cnc.gov.ro\/index.php?rest_route=%2Fwp%2Fv2%2Fcomments&post=52458"}],"version-history":[{"count":18,"href":"http:\/\/cnc.gov.ro\/index.php?rest_route=\/wp\/v2\/pages\/52458\/revisions"}],"predecessor-version":[{"id":59141,"href":"http:\/\/cnc.gov.ro\/index.php?rest_route=\/wp\/v2\/pages\/52458\/revisions\/59141"}],"up":[{"embeddable":true,"href":"http:\/\/cnc.gov.ro\/index.php?rest_route=\/wp\/v2\/pages\/51645"}],"wp:attachment":[{"href":"http:\/\/cnc.gov.ro\/index.php?rest_route=%2Fwp%2Fv2%2Fmedia&parent=52458"}],"curies":[{"name":"wp","href":"https:\/\/api.w.org\/{rel}","templated":true}]}}