{"id":52418,"date":"2018-02-05T11:19:25","date_gmt":"2018-02-05T11:19:25","guid":{"rendered":"http:\/\/cncnew2.abt.ro\/?page_id=52418"},"modified":"2025-12-23T14:32:06","modified_gmt":"2025-12-23T11:32:06","slug":"operatiuni-registru","status":"publish","type":"page","link":"http:\/\/cnc.gov.ro\/?page_id=52418","title":{"rendered":"Opera\u021biuni Registru"},"content":{"rendered":"<div class=\"wpb-content-wrapper\"><p>[vc_row][vc_column width=&#8221;1\/4&#8243;][vc_separator color=&#8221;white&#8221;][vc_text_separator title=&#8221;Opera\u021biuni Registru Cinematografiei&#8221; title_align=&#8221;separator_align_left&#8221; color=&#8221;custom&#8221; accent_color=&#8221;#ba4d9e&#8221;][\/vc_column][vc_column width=&#8221;3\/4&#8243;][vc_separator color=&#8221;white&#8221;][vc_tta_tour style=&#8221;outline&#8221; color=&#8221;purple&#8221; active_section=&#8221;1&#8243; no_fill_content_area=&#8221;true&#8221;][vc_tta_section title=&#8221;Informa\u021bii generale&#8221; tab_id=&#8221;1518527395974-270f532f-ab77&#8243;][vc_column_text]<\/p>\n<div>\n<p><strong>Programul de lucru cu publicul:<\/strong><\/p>\n<p>Luni \u2013 Joi: orele 10:30 \u2013 12:30<br \/>\nAprobat prin decizia nr. 55\/24.09.2013<\/p>\n<p>&nbsp;<\/p>\n<p>Tarifele pentru efectuarea opera\u021biunilor \u00een Registrul cinematografiei, conform Anexei nr. 18 la\u00a0<span style=\"color: #ba4d9e;\"><a style=\"color: #ba4d9e;\" href=\"http:\/\/legislatie.just.ro\/Public\/DetaliiDocument\/76547\">Normele metodologice<\/a><\/span>, pot fi achitate prin virament bancar \u00een contul :<\/p>\n<p>&nbsp;<\/p>\n<p><strong>A.T.C.P. Mun. Bucure\u0219ti<\/strong><br \/>\n<strong> Cont IBAN: RO45TREZ70020G330800xxxx<\/strong><br \/>\n<strong> Cod de identificare fiscal\u0103: 4283830<\/strong><\/p>\n<p>sau numerar la casieria institu\u021biei.<\/p>\n<p>&nbsp;<\/p>\n<p>Documentele pot fi trimise prin po\u0219t\u0103, autentificate la notariat, \u00eenso\u021bite de cererea-tip completat\u0103, \u0219tampilat\u0103 \u0219i semnat\u0103 de administratorul, directorul general al firmei, etc. \u0219i de copia ordinului de plata cu care s-a achitat \u00een contul C.N.C. tariful legal pentru \u00eenscrierea \u00een Registrul Cinematografiei.<\/p><\/div>\n<p>[\/vc_column_text][\/vc_tta_section][vc_tta_section title=&#8221;Tarife&#8221; tab_id=&#8221;1518527395975-20b333c8-0f4e&#8221;][vc_column_text css=&#8221;&#8221;]<strong>Tarifele conform <a href=\"http:\/\/legislatie.just.ro\/Public\/DetaliiDocument\/76547\"><span style=\"color: #ba4d9e;\">normelor metodologice<\/span>\u00a0<\/a>percepute de Centrul Na\u0163ional al Cinematografiei pentru efectuarea opera\u0163iunilor \u00een Registrul cinematografiei\u00a0<\/strong><\/p>\n<p>1. Opera\u0163iuni de \u00eenscriere \u00een Registrul cinematografiei:<\/p>\n<p>1.1. Certificatul de \u00eenscriere a persoanelor fizice sau<\/p>\n<p>juridice autorizate &#8230;&#8230;&#8230;&#8230;&#8230;&#8230;&#8230;&#8230;&#8230;&#8230;&#8230;&#8230;&#8230;&#8230;&#8230;. 500 lei<\/p>\n<p>1.2. \u00eenscrierea de men\u0163iuni &#8230;&#8230;&#8230;&#8230;&#8230;&#8230;&#8230;&#8230;&#8230;&#8230;&#8230;&#8230;&#8230;. 0 lei<\/p>\n<p>2. Opera\u0163iuni de clasificare:<\/p>\n<p>2.1. Certificatul de clasificare pentru cinematograf &#8230;&#8230;&#8230;.. 2.000 lei<\/p>\n<p>2.2. Certificatul de clasificare pentru filme:<\/p>\n<p>a) Film p\u00e2n\u0103 la 30 de minute (indiferent de suport) &#8230;&#8230;&#8230;&#8230;.. 150 lei<\/p>\n<p>b) \u00centre 31 \u015fi 70 de minute &#8230;&#8230;&#8230;&#8230;&#8230;&#8230;&#8230;&#8230;&#8230;&#8230;&#8230;&#8230;.. 200 lei<\/p>\n<p>c) Peste 70 de minute &#8230;&#8230;&#8230;&#8230;&#8230;&#8230;&#8230;&#8230;&#8230;&#8230;&#8230;&#8230;&#8230;&#8230;.. 300 lei<\/p>\n<p>d) Filme interzise minorilor si proiectiei cu public, semnalizate prin marcajul I.M.- 18-XXX, indiferent de durata&#8230;.700 lei<\/p>\n<p>e) Persoanele fizice sau juridice care prezint\u0103 pentru clasificare un num\u0103r mai mare de 25 de filme pe pelicul\u0103, digital 2D\/3D\/IMAX, sau un num\u0103r mai \u00a0mare de 100 de filme pe casete\/discuri video sau alte tipuri de suport, \u00een \u00a0cursul unui an calendaristic, beneficiaz\u0103 de o reducere cu 25% a tarifelor \u00a0prev\u0103zute la lit. a) &#8211; c) pentru durata aceluia\u015fi an, pentru fiecare film \u00a0care dep\u0103\u015fe\u015fte num\u0103rul de 25, respectiv 100 de titluri.<\/p>\n<p>2.3. Etichete de clasificare filme &#8230;&#8230;&#8230;&#8230;&#8230;&#8230;&#8230;&#8230;.. 0,5 lei\/buc.<\/p>\n<p>3. Tariful pentru efectuarea \u00een regim de urgen\u0163\u0103, de dou\u0103 zile lucr\u0103toare, \u00a0a opera\u0163iunilor enumerate la pct. 2.2. lit. a) &#8211; d) &#8230;&#8230;. 300 lei\/cerere.<\/p>\n<p>Tariful de urgen\u0163\u0103 se adaug\u0103 la tariful prev\u0103zut pentru opera\u0163iunea \u00a0solicitat\u0103.<\/p>\n<p>4. Pentru eliberarea de copii certificate, extrase nu se percepe tarif.[\/vc_column_text][\/vc_tta_section][vc_tta_section title=&#8221;Anexe&#8221; tab_id=&#8221;1518527436497-670c50ab-a3d3&#8243;][vc_column_text css=&#8221;&#8221;]<strong>Anexele la normele metodologice ale Registrului cinematografiei<br \/>\n<\/strong><\/p>\n<div class=\"dvLinks\"><a href=\"\/wp-content\/uploads\/2024\/06\/a04-fg.doc\"><span style=\"color: #ba4d9e;\">Anexa nr. 4 \u2013 Cerere pentru inscrierea in Registrul Cinematografiei<\/span><\/a><br \/>\n<span style=\"color: #ba4d9e;\"> <a style=\"color: #ba4d9e;\" href=\"\/wp-content\/uploads\/2024\/06\/a05-fg.doc\">Anexa nr. 5 \u2013 Certificat de inscriere in registrul cinematografiei<\/a><\/span><br \/>\n<span style=\"color: #ba4d9e;\"> <a style=\"color: #ba4d9e;\" href=\"\/wp-content\/uploads\/2024\/06\/a06-fg.doc\">Anexa nr. 6 \u2013 Cerere de clasificare a filmelor<\/a><\/span><br \/>\n<span style=\"color: #ba4d9e;\"> <a style=\"color: #ba4d9e;\" href=\"\/wp-content\/uploads\/2025\/12\/Anexa-nr.-7-Criterii-de-clasificare-a-filmelor.doc\">Anexa nr. 7 \u2013 Criterii de clasificare a filmelor<\/a><\/span><br \/>\n<span style=\"color: #ba4d9e;\"> <a style=\"color: #ba4d9e;\" href=\"\/wp-content\/uploads\/2024\/06\/a08-fg.pdf\">Anexa nr. 8 \u2013 Formatul si dimensiunile marcajului distinctiv pentru clasificarea filmelor<\/a><\/span><br \/>\n<span style=\"color: #ba4d9e;\"> <a style=\"color: #ba4d9e;\" href=\"\/wp-content\/uploads\/2024\/06\/a09-fg.doc\">Anexa nr. 9 \u2013 Fisa de clasificare a filmului<\/a><\/span><br \/>\n<span style=\"color: #ba4d9e;\"> <a style=\"color: #ba4d9e;\" href=\"\/wp-content\/uploads\/2024\/06\/a10-fg.doc\">Anexa nr. 10 \u2013 Certificat de clasificare a filmelor<\/a><\/span><br \/>\n<span style=\"color: #ba4d9e;\"> <a style=\"color: #ba4d9e;\" href=\"\/wp-content\/uploads\/2025\/12\/Anexa-nr.-11-Cerere-de-eliberare-a-etichetelor-de-clasificare.xls\">Anexa nr. 11 \u2013 Cerere de eliberare a etichetelor de clasificare<\/a><\/span><br \/>\n<span style=\"color: #ba4d9e;\"> <a style=\"color: #ba4d9e;\" href=\"\/wp-content\/uploads\/2024\/06\/a12-fg.doc\">Anexa nr. 12 \u2013 Cerere de clasificare a cinematografelor<\/a><\/span><br \/>\n<span style=\"color: #ba4d9e;\"> <a style=\"color: #ba4d9e;\" href=\"\/wp-content\/uploads\/2024\/06\/a13-fg.doc\">Anexa nr. 13 \u2013 Criterii generale de clasificare a cinematografelor<\/a><\/span><br \/>\n<span style=\"color: #ba4d9e;\"> <a style=\"color: #ba4d9e;\" href=\"\/wp-content\/uploads\/2024\/06\/a14-fg.doc\">Anexa nr. 14 \u2013 Fisa cinematografului clasificat<\/a><\/span><br \/>\n<span style=\"color: #ba4d9e;\"> <a style=\"color: #ba4d9e;\" href=\"\/wp-content\/uploads\/2024\/06\/a15-fg.doc\">Anexa nr. 15 \u2013 Certificat de clasificare pentru cinematograf<\/a><\/span><br \/>\n<span style=\"color: #ba4d9e;\"> <a style=\"color: #ba4d9e;\" href=\"\/wp-content\/uploads\/2024\/06\/a16-fg.doc\">Anexa nr. 16 \u2013 Cerere pentru \u00eenscrierea de mentiuni in Registrul cinematografiei<\/a><\/span><br \/>\n<span style=\"color: #ba4d9e;\"> <a style=\"color: #ba4d9e;\" href=\"\/wp-content\/uploads\/2024\/06\/a17-fg.doc\">Anexa nr. 17 \u2013 Certificat de \u00eenscriere de mentiuni in Registrul Cinematografiei<\/a><\/span><br \/>\n<span style=\"color: #ba4d9e;\"> <a style=\"color: #ba4d9e;\" href=\"\/wp-content\/uploads\/2024\/06\/a18-fg.pdf\" target=\"_blank\" rel=\"noopener noreferrer\">Anexa nr. 18 \u2013 Tarifele pentru efectuarea operatiunilor in Registrul cinematografiei<\/a><\/span><\/div>\n<p>&nbsp;[\/vc_column_text][\/vc_tta_section][\/vc_tta_tour][\/vc_column][\/vc_row][vc_row][vc_column][vc_column_text]<!--\n<center>\n\n\n<h2>AVARIE TEHNICA<\/h2>\n\n\n<\/center>\n-->[\/vc_column_text][\/vc_column][\/vc_row]<\/p>\n<\/div>","protected":false},"excerpt":{"rendered":"<p>[vc_row][vc_column width=&#8221;1\/4&#8243;][vc_separator color=&#8221;white&#8221;][vc_text_separator title=&#8221;Opera\u021biuni Registru Cinematografiei&#8221; title_align=&#8221;separator_align_left&#8221; color=&#8221;custom&#8221; accent_color=&#8221;#ba4d9e&#8221;][\/vc_column][vc_column width=&#8221;3\/4&#8243;][vc_separator color=&#8221;white&#8221;][vc_tta_tour style=&#8221;outline&#8221; color=&#8221;purple&#8221; active_section=&#8221;1&#8243; no_fill_content_area=&#8221;true&#8221;][vc_tta_section title=&#8221;Informa\u021bii generale&#8221; tab_id=&#8221;1518527395974-270f532f-ab77&#8243;][vc_column_text] Programul de lucru cu publicul: Luni \u2013 Joi: orele 10:30 \u2013 12:30 Aprobat prin decizia nr. 55\/24.09.2013 &nbsp; Tarifele pentru efectuarea opera\u021biunilor \u00een Registrul cinematografiei, conform Anexei nr. 18 la\u00a0Normele metodologice, pot fi achitate prin virament bancar&hellip;<\/p>\n","protected":false},"author":2,"featured_media":0,"parent":52351,"menu_order":0,"comment_status":"closed","ping_status":"closed","template":"","meta":{"footnotes":""},"class_list":["post-52418","page","type-page","status-publish","hentry","description-off"],"_links":{"self":[{"href":"http:\/\/cnc.gov.ro\/index.php?rest_route=\/wp\/v2\/pages\/52418","targetHints":{"allow":["GET"]}}],"collection":[{"href":"http:\/\/cnc.gov.ro\/index.php?rest_route=\/wp\/v2\/pages"}],"about":[{"href":"http:\/\/cnc.gov.ro\/index.php?rest_route=\/wp\/v2\/types\/page"}],"author":[{"embeddable":true,"href":"http:\/\/cnc.gov.ro\/index.php?rest_route=\/wp\/v2\/users\/2"}],"replies":[{"embeddable":true,"href":"http:\/\/cnc.gov.ro\/index.php?rest_route=%2Fwp%2Fv2%2Fcomments&post=52418"}],"version-history":[{"count":16,"href":"http:\/\/cnc.gov.ro\/index.php?rest_route=\/wp\/v2\/pages\/52418\/revisions"}],"predecessor-version":[{"id":62652,"href":"http:\/\/cnc.gov.ro\/index.php?rest_route=\/wp\/v2\/pages\/52418\/revisions\/62652"}],"up":[{"embeddable":true,"href":"http:\/\/cnc.gov.ro\/index.php?rest_route=\/wp\/v2\/pages\/52351"}],"wp:attachment":[{"href":"http:\/\/cnc.gov.ro\/index.php?rest_route=%2Fwp%2Fv2%2Fmedia&parent=52418"}],"curies":[{"name":"wp","href":"https:\/\/api.w.org\/{rel}","templated":true}]}}