{"id":52353,"date":"2017-10-26T20:23:42","date_gmt":"2017-10-26T20:23:42","guid":{"rendered":"http:\/\/localhost:8888\/?page_id=51"},"modified":"2026-01-15T15:25:34","modified_gmt":"2026-01-15T12:25:34","slug":"fond-cinematografic","status":"publish","type":"page","link":"http:\/\/cnc.gov.ro\/?page_id=52353","title":{"rendered":"Fond Cinematografic"},"content":{"rendered":"<div class=\"wpb-content-wrapper\"><p>[vc_row][vc_column][vc_empty_space height=&#8221;20px&#8221;][vc_tta_tour style=&#8221;outline&#8221; color=&#8221;purple&#8221; active_section=&#8221;1&#8243; no_fill_content_area=&#8221;true&#8221;][vc_tta_section title=&#8221;Surse la Fond&#8221; tab_id=&#8221;1518526551650-12a2a1e3-0b6e&#8221;][vc_column_text]<\/p>\n<p style=\"text-align: justify;\"><span style=\"color: #000000;\"><strong>Fondul cinematografic se constituie din urm\u0103toarele surse:<\/strong><\/span><\/p>\n<p style=\"text-align: justify;\"><span style=\"color: #000000;\">a) colectarea unei contribu\u0163ii de 3% din pre\u0163ul de v\u00e2nzare \u015fi\/sau de \u00eenchiriere al casetelor video \u00eenregistrate, al DVD-urilor sau al oric\u0103rui suport \u00eenregistrat, care poate fi multiplicat video ori digital, care se adaug\u0103 la pre\u0163ul acestora, pl\u0103tibil\u0103 de operatorul economic care face v\u00e2nzarea \u015fi\/sau \u00eenchirierea angro; operatorii economici distribuitori angro de casete video \u00eenregistrate, DVD-uri sau orice alt suport \u00eenregistrat, care poate fi multiplicat video ori digital, sunt obliga\u0163i s\u0103 transmit\u0103 Centrului Na\u0163ional al Cinematografiei lista contractelor de v\u00e2nzare \u015fi\/sau de \u00eenchiriere \u00eencheiate, cuprinz\u00e2nd valoarea acestora \u015fi datele de identificare a partenerilor contractuali, prezent\u00e2nd \u015fi licen\u0163ele pentru titlurile respective; \u00een cazul filmelor clasificate \u00een Registrul cinematografiei \u00een categoria XXX, cu interdic\u0163ie de proiec\u0163ie public\u0103, contribu\u0163ia este de 15%;<\/span><\/p>\n<p style=\"text-align: justify;\"><span style=\"color: #000000;\">b) colectarea unei contribu\u0163ii de 4% din contravaloarea minutelor de publicitate contractate de posturile de televiziune publice \u015fi private, contribu\u0163ie care se adaug\u0103 la acest pre\u0163 \u015fi care se \u00eencaseaz\u0103 de la agentul de publicitate, de la firma intermediar\u0103 cump\u0103r\u0103toare a minutelor de publicitate sau de la operatorul economic cump\u0103r\u0103tor al minutelor de publicitate care este obligat s\u0103 transmit\u0103 Centrului Na\u0163ional al Cinematografiei lista cu contractele \u00eencheiate, cuprinz\u00e2nd valoarea\u00a0acestora \u015fi denumirea agen\u0163ilor v\u00e2nz\u0103tori;<\/span><\/p>\n<p style=\"text-align: justify;\"><span style=\"color: #000000;\">c) colectarea unei contribu\u0163ii de 3% din pre\u0163ul minutelor de publicitate v\u00e2ndute din spa\u0163iul programului propriu de c\u0103tre societ\u0103\u0163ile de televiziune prin cablu, care au licen\u0163a pentru produc\u0163ia de programe \u015fi care se adaug\u0103 acestui pre\u0163; plata contribu\u0163iei c\u0103tre Fondul cinematografic se face de postul de televiziune prin cablu;<\/span><\/p>\n<p style=\"text-align: justify;\"><span style=\"color: #000000;\">d) colectarea unei contribu\u0163ii de 4% din \u00eencas\u0103rile provenite din exploatarea filmelor cinematografice, de orice gen \u015fi pe orice fel de suport, \u00een cinematografe sau \u00een alte spa\u0163ii destinate vizion\u0103rii cu public; obliga\u0163ia de plat\u0103 revine exploatan\u0163ilor;<\/span><\/p>\n<p style=\"text-align: justify;\"><span style=\"color: #000000;\">e) colectarea unei contribu\u0163ii de 1% aplicate asupra veniturilor realizate lunar de operatorii economici pentru retransmisia prin cablu, prin satelit \u015fi prin retransmisia digital\u0103 a emisiunilor de televiziune;<\/span><\/p>\n<p style=\"text-align: justify;\"><span style=\"color: #000000;\">f) colectarea unei contribu\u0163ii de 4% din profitul anual realizat de operatorii economici care organizeaz\u0103 jocuri de noroc; plata se va face p\u00e2n\u0103 la data de 31 mai a anului \u00een curs pentru anul precedent;<\/span><\/p>\n<p style=\"text-align: justify;\"><span style=\"color: #000000;\">g) dob\u00e2nda aferent\u0103 disponibilit\u0103\u0163ilor din contul Fondului cinematografic aflat \u00een Trezoreria Statului;<\/span><\/p>\n<p style=\"text-align: justify;\"><span style=\"color: #000000;\">h) colectarea lunar\u0103 a unei contribu\u0163ii de 3% din pre\u0163ul filmelor desc\u0103rcate contra cost prin intermediul serviciilor de transmisie de date, inclusiv prin internet sau telefonie; obliga\u0163ia de a prezenta documentele care certific\u0103 sumele \u00eencasate, precum \u015fi obliga\u0163ia de plat\u0103 a contribu\u0163iei revin persoanelor juridice care realizeaz\u0103 aceste venituri;<\/span><\/p>\n<p style=\"text-align: justify;\"><span style=\"color: #000000;\">i) alte venituri dob\u00e2ndite \u00een condi\u0163iile legi<\/span><\/p>\n<p>[\/vc_column_text][\/vc_tta_section][vc_tta_section title=&#8221;Auditori agrea\u021bi&#8221; tab_id=&#8221;1518526551653-ef6a83da-ebd3&#8243;][vc_column_text css=&#8221;&#8221;]<strong>Condi\u0163iile minimale pentru agrearea efectu\u0103rii auditului pe proceduri convenite:<\/strong><\/p>\n<p>a) Carnet auditor vizat pe anul \u00een curs;<\/p>\n<p>b) Calificativ A ,s\u0103 nu fi fost sanc\u0163ionat disciplinar ( declara\u0163ia pe propria r\u0103spundere);<\/p>\n<p>c) Autoriza\u0163ie CAFR, vizata pe anul \u00een curs pentru societ\u0103\u0163i;<\/p>\n<p>d) Cv-ul persoanelor care vor efectua auditul;<\/p>\n<p>e) Dovada de la administra\u0163ia financiar\u0103 c\u0103 nu are datorii;<\/p>\n<p>f) Bilan\u0163 contabil \/ declara\u0163ia 220;<\/p>\n<p>g) S\u0103 fac\u0103 dovada c\u0103 este \u00eenscris \u00een lista auditorilor privind auditarea pentru fonduri europene \u015fi alte fonduri nerambursabile;<\/p>\n<p>&nbsp;<\/p>\n<p><a href=\"\/wp-content\/uploads\/2026\/01\/Lista-auditorilor-financiari-agreati-de-C.N.C.-pentru-efectuarea-de-audituri-la-filme.docx\"><strong>Lista auditori agreati &#8211; View\/Download<\/strong><\/a><\/p>\n<p>&nbsp;<\/p>\n<p>&nbsp;[\/vc_column_text][\/vc_tta_section][vc_tta_section title=&#8221;Declara\u021bii contribu\u021bii la Fond&#8221; tab_id=&#8221;1518526631086-4a888d65-569d&#8221;][vc_column_text]Declara\u021bia privind contribu\u021biile la Fondul cinematografic<br \/>\n<span style=\"color: #ba4d9e; font-weight: bold;\"><a style=\"color: #ba4d9e;\" href=\"\/wp-content\/uploads\/2022\/08\/declaratie.doc\" rel=\"noopener\">[.doc]<\/a> \/ <a style=\"color: #ba4d9e; font-weight: bold;\" href=\"\/wp-content\/uploads\/2022\/08\/declaratie.pdf\" target=\"_blank\" rel=\"noopener noreferrer\">[.pdf]<\/a><\/span>[\/vc_column_text][\/vc_tta_section][vc_tta_section title=&#8221;Predare &#8220;copie standard&#8220;&#8221; tab_id=&#8221;1518526628405-f901e647-acee&#8221;][vc_column_text]Documente \u0219i materiale necesare\u00a0pentru predarea filmelor (copie standard)<br \/>\nce au beneficiat de contracte de credit.\u00a0<strong><a href=\"http:\/\/cnc.gov.ro\/wp-content\/uploads\/2023\/07\/lista3.pdf\"><span style=\"font-size: 12pt;\">Download<\/span><\/a><\/strong>[\/vc_column_text][googlepdf url=&#8221;http:\/\/cnc.gov.ro\/wp-content\/uploads\/2023\/07\/lista3.pdf&#8221; download=&#8221;&#8221; width=&#8221;340&#8243; height=&#8221;400&#8243;][\/vc_tta_section][vc_tta_section title=&#8221;Predare filme&#8221; tab_id=&#8221;1518526624801-9ccf4470-6045&#8243;][vc_column_text]<\/p>\n<p style=\"text-align: justify;\"><strong>Documente \u0219i materiale necesare pentru predarea filmelor dup\u0103 expirarea termenului de zece ani cu privire la returnarea creditului direct pentru produc\u021bie.<\/strong><\/p>\n<p style=\"text-align: justify;\">Pentru nerambursarea integral\u0103 a creditului direct pentru produc\u0163ie, \u00a0Centrul Na\u0163ional al Cinematografiei preia dreptul de exploatare a filmului,\u00a0 dup\u0103 expirarea perioadei de 10 ani.<\/p>\n<p style=\"text-align: justify;\">\u00cen vederea acestei prelu\u0103ri, v\u0103 rug\u0103m sa v\u0103 prezentati la C. N. C. cu urm\u0103toarele documente :<\/p>\n<ul style=\"text-align: justify;\">\n<li>fi\u015fa tehnic\u0103 cu men\u0163ionarea produc\u0103torului, regizorului, realizatorilor, interpre\u0163ii rolurilor principale, anul de produc\u0163ie, metrajul, durata, formatul, suportul, nr. de bobine, fotografiile de reclam\u0103, afi\u015fele, lista de dialoguri,<\/li>\n<li>copie a Procesului Verbal (dac\u0103 este cazul) prin care produc\u0103torul a predat deja la<\/li>\n<\/ul>\n<p style=\"text-align: justify;\">A N F sau a depus la alte laboratoare materialele,<\/p>\n<ul style=\"text-align: justify;\">\n<li>declara\u0163ie pe propie r\u0103spundere privind contractele de exploatare aflate \u00een derurare, \u00eensotit\u0103 de copii ale acestor contracte \u015fi de o situatie financiar\u0103 a stadiului \u00een care se afl\u0103,<\/li>\n<li>situa\u0163ia veniturilor ob\u0163inute din exploatarea filmului pentru \u00eentreaga perioad\u0103 de la primul leu \u00eencasat pan\u0103 la predarea filmului,<\/li>\n<li>scrisoarea de acces c\u0103tre laboratorul unde se afla filmul.<\/li>\n<\/ul>\n<p style=\"text-align: justify;\">[\/vc_column_text][\/vc_tta_section][vc_tta_section title=&#8221;Norme Minimis&#8221; tab_id=&#8221;1521617563050-8418530e-e0cf&#8221;][vc_column_text css=&#8221;&#8221;]<\/p>\n<div style=\"display: none;\"><!--\u00bb <a href=\"\/wp-content\/uploads\/2024\/06\/decizie-fg.pdf\">Decizie<\/a>--><br \/>\n\u00bb <a href=\"http:\/\/cnc.gov.ro\/wp-content\/uploads\/2024\/10\/Decizia-103-pt-cinemat-de-arta.pdf\">Decizia 103 pt cinemat de arta<\/a><br \/>\n\u00bb <a href=\"http:\/\/cnc.gov.ro\/wp-content\/uploads\/2024\/10\/Decizia-104-pt-distribuire-filme.pdf\">Decizia 104 pt distribuire filme<\/a><br \/>\n\u00bb <a href=\"http:\/\/cnc.gov.ro\/wp-content\/uploads\/2024\/10\/Decizia-105-pt-alte-manifestari.pdf\">Decizia 105 pt alte manifestari<\/a><br \/>\n\u00bb <a href=\"http:\/\/cnc.gov.ro\/wp-content\/uploads\/2024\/10\/Decizia-106-pt-part-la-festivaluri.pdf\">Decizia 106 pt part la festivaluri<\/a><\/div>\n<div style=\"display: none;\">\u00bb <a href=\"\/wp-content\/uploads\/2024\/06\/aviz-fg.pdf\">Aviz<\/a><\/div>\n<p><!--\n\n\n<div>\u00bb <a href=\"\/wp-content\/uploads\/2020\/12\/Decizia-79-din-15.12.2020-Scheme-minimis.pdf\">Decizie<\/a><\/div>\n\n\n\n\n<div>\u00bb <a href=\"\/wp-content\/uploads\/2020\/12\/Avize-CC-15450-din-10.12.2020-Scheme-minimis.pdf\">Avize CC 15450 din 10.12.2020<\/a><\/div>\n\n\n\n\n<div><\/div>\n\n\n-->1. Schema de minimis pentru sustinerea unor programe de cultura, educatie cinematografica, organizare de evenimente culturale cinematografice precum si editarea de publicatii de specialitate<\/p>\n<div class=\"linkuri\">\u00bb <a href=\"\/wp-content\/uploads\/2024\/10\/Decizia-105-pt-alte-manifestari.pdf\">Decizia 105 pt evenimente culturale<\/a><br \/>\n\u00bb <a href=\"\/wp-content\/uploads\/2024\/10\/schemaec-fg.pdf\" target=\"_blank\" rel=\"noopener noreferrer\">Schema<\/a><br \/>\n\u00bb <a href=\"\/wp-content\/uploads\/2025\/03\/avizec-fg.pdf\">Aviz<\/a><br \/>\n\u00bb <a href=\"\/wp-content\/uploads\/2025\/05\/A1_minimis_Decl.docx\" target=\"_blank\" rel=\"noopener noreferrer\">Anexa 1<\/a><br \/>\n\u00bb <a href=\"\/wp-content\/uploads\/2020\/12\/Anexa-nr.-2-la-schemele-de-minimis-declaratie-reprezentant-producator.doc\" target=\"_blank\" rel=\"noopener noreferrer\">Anexa 2<\/a><br \/>\n\u00bb <a href=\"\/wp-content\/uploads\/2020\/12\/Anexa-nr.-3-cerere-pentru-organizarea-unor-programe-de-cultura-si-educatie-cinematografica.doc\" target=\"_blank\" rel=\"noopener noreferrer\">Anexa 3<\/a><\/div>\n<p>&nbsp;<\/p>\n<p>2. \u00a0Schema de ajutor de minimis cinematograf de arta<\/p>\n<div class=\"linkuri\">\u00bb <a href=\"\/wp-content\/uploads\/2024\/10\/Decizia-103-pt-cinemat-de-arta.pdf\">Decizia 103 pt cinemat de arta<\/a><br \/>\n\u00bb <a href=\"\/wp-content\/uploads\/2024\/10\/schemaca-fg\">Schema<\/a><br \/>\n\u00bb <a href=\"\/wp-content\/uploads\/2025\/03\/avizca-fg.pdf\">Aviz<\/a><br \/>\n\u00bb <a href=\"\/wp-content\/uploads\/2025\/05\/A1_minimis_Decl.docx\" target=\"_blank\" rel=\"noopener noreferrer\">Anexa 1<\/a><br \/>\n\u00bb <a href=\"\/wp-content\/uploads\/2020\/12\/Anexa-nr.-2-la-schemele-de-minimis-declaratie-reprezentant-producator-1.doc\" target=\"_blank\" rel=\"noopener noreferrer\">Anexa 2<\/a><br \/>\n\u00bb <a href=\"\/wp-content\/uploads\/2020\/12\/Anexa-nr.-3-cerere-pentru-cinematograf-arta.doc\" target=\"_blank\" rel=\"noopener noreferrer\">Anexa 3<\/a><\/div>\n<p>&nbsp;<\/p>\n<p>3. Schema de ajutor de minimis pentru distribuire si exploatare film<\/p>\n<p><!--\u00bb <a href=\"\/wp-content\/uploads\/2023\/09\/minimis.docx\" target=\"_blank\" rel=\"noopener noreferrer\">Schema-completare<\/a>-->\u00bb <a href=\"\/wp-content\/uploads\/2024\/10\/Decizia-104-pt-distribuire-filme.pdf\">Decizia 104 pt distribuire filme<\/a><br \/>\n\u00bb <a href=\"\/wp-content\/uploads\/2024\/10\/schemaef-fg.pdf\" target=\"_blank\" rel=\"noopener noreferrer\">Schema<\/a><br \/>\n\u00bb <a href=\"\/wp-content\/uploads\/2025\/03\/avizef-fg.pdf\">Aviz<\/a><br \/>\n\u00bb <a href=\"\/wp-content\/uploads\/2022\/11\/opis-2.pdf\" target=\"_blank\" rel=\"noopener noreferrer\">Opis<\/a><br \/>\n\u00bb <a href=\"\/wp-content\/uploads\/2025\/05\/A1_minimis_Decl.docx\" target=\"_blank\" rel=\"noopener noreferrer\">Anexa 1<\/a><br \/>\n\u00bb <a href=\"\/wp-content\/uploads\/2020\/12\/Anexa-nr.-2-la-schemele-de-minimis-declaratie-reprezentant-producator-2.doc\" target=\"_blank\" rel=\"noopener noreferrer\">Anexa 2<\/a><br \/>\n\u00bb <a href=\"\/wp-content\/uploads\/2020\/12\/Anexa-nr.-3-cerere-pentru-distribuire-filme.doc\">Anexa 3<\/a><\/p>\n<p>\u00bb <a href=\"\/wp-content\/uploads\/2022\/11\/anexa4.xls\">Anexa 4<\/a><br \/>\n\u00bb <a href=\"\/wp-content\/uploads\/2024\/11\/formular-fg.docx\">Formular distributie film<\/a><\/p>\n<p>&nbsp;<\/p>\n<p>4. Schema de ajutor de minimis pentru participare la festivaluri<\/p>\n<div class=\"linkuri\">\u00bb <a href=\"\/wp-content\/uploads\/2024\/10\/Decizia-106-pt-part-la-festivaluri.pdf\">Decizia 106 pt part la festivaluri<\/a><br \/>\n\u00bb <a href=\"\/wp-content\/uploads\/2024\/10\/schemapf-fg.pdf\" target=\"_blank\" rel=\"noopener noreferrer\">Schema<\/a><br \/>\n\u00bb <a href=\"\/wp-content\/uploads\/2025\/03\/avizpf-fg.pdf\">Aviz<\/a><br \/>\n\u00bb <a href=\"\/wp-content\/uploads\/2022\/11\/opis-2.pdf\" target=\"_blank\" rel=\"noopener noreferrer\">Opis<\/a><br \/>\n\u00bb <a href=\"\/wp-content\/uploads\/2025\/05\/A1_minimis_Decl.docx\" target=\"_blank\" rel=\"noopener noreferrer\">Anexa 1<\/a><br \/>\n\u00bb <a href=\"\/wp-content\/uploads\/2020\/12\/Anexa-nr.-2-la-schemele-de-minimis-declaratie-reprezentant-producator-3.doc\" target=\"_blank\" rel=\"noopener noreferrer\">Anexa 2<\/a><br \/>\n\u00bb <a href=\"\/wp-content\/uploads\/2020\/12\/Anexa-nr.-3-cerere-pentru-acordarea-sprijinului-financiar-nerambursabil-pentru-participarea-la-festivaluri.doc\" target=\"_blank\" rel=\"noopener noreferrer\">Anexa 3<\/a><\/div>\n<div class=\"linkuri\" style=\"display: none;\">\u00bb <a href=\"http:\/\/cncold.gov.ro\/wp-content\/themes\/cnc\/pdf\/fls-1652.PDF\" target=\"_blank\" rel=\"noopener noreferrer\">NORMELE PRIVIND ACORDAREA AJUTORULUI DE MINIMIS<\/a><\/div>\n<p>&nbsp;<\/p>\n<p>&nbsp;[\/vc_column_text][\/vc_tta_section][vc_tta_section title=&#8221;Documente necesare pentru \u00eencheierea contractelor de credit&#8221; tab_id=&#8221;1563965313349-13845730-d39b&#8221;][vc_column_text css=&#8221;&#8221;]<strong>DOSARUL FINANCIAR PENTRU ACORDARE \u00a0CREDIT DIRECT \u00a0\u00a0<\/strong>contine urmatoarele documente:<\/p>\n<ol>\n<li style=\"list-style-type: none;\">\n<ol>\n<li>NOTIFICARE catre CNC, prin care se solicita incheierea contractului de credit;<\/li>\n<li>Adresa generic, cu contul de Trezorerie prin care se vor desfasura operatiunile bancare pentru filmul respectiv ( cu extesie 5070);<\/li>\n<li>Devizul filmului( centralizator si detaliat)- anexa 1;<\/li>\n<li>Contracte de co-productie (anexa 2a);<\/li>\n<li>Contracte de finantare (anexa 2b )<\/li>\n<li>Contract de scenariu ( anexa 3);<\/li>\n<li>Contract de regie (anexa 4);<\/li>\n<li>Contract de producator executiv (anexa 5);<\/li>\n<li>Caracteristicile tehnice ale filmului (anexa 6);<\/li>\n<li>Planul de finantare (anexa 7);<\/li>\n<li>Planul calendaristic \u00a0al productiei \u00a0filmului \u00a0(anexa 8);<\/li>\n<li>Declaratia producatorului prin care sa se mentioneze ca nu are datorii la bugetul de stat , bugetele locale si de asigurari sociale si nici restante in derularea celorlalte contracte cu CNC( anexa9).<\/li>\n<\/ol>\n<\/li>\n<\/ol>\n<p><!--\n \t\n\n<li>Declaratii producator\u00a0 <a href=\"\/wp-content\/uploads\/2023\/09\/anexa2.doc\">aici<\/a>.<\/li>\n\n\n--><\/p>\n<ol>\n<li>Declaratii producator\u00a0 <a href=\"\/wp-content\/uploads\/2024\/06\/declaratiiprod-fg.doc\">aici<\/a><\/li>\n<\/ol>\n<p>&nbsp;<\/p>\n<p>&nbsp;<\/p>\n<p><strong>DOSARUL\u00a0 DE CONTRACTARE PENTRU ACORDARE \u00a0CREDIT DE DEZVOLTARE DE PROIECT contine urmatoarele documente:<\/strong><\/p>\n<p>&nbsp;<\/p>\n<ol>\n<li style=\"list-style-type: none;\">\n<ol>\n<li>Solicitare incheiere contract de credit, cu mentiunea contului de trezorerie(extensie 5070);<\/li>\n<li>Dovada drepturilor\u00a0 asupra scenariului proiectului.<\/li>\n<li>CV autor scenariu;<\/li>\n<li>Descrierea activit\u0103\u0163ilor preconizate a fi realizate;<\/li>\n<li>Devizul estimativ al lucrarilor;<\/li>\n<li>Planul de finantare a lucrarilor ce urmeaza a fi executate;<\/li>\n<li>Synopsis proiect;<\/li>\n<li>Declaratia producatorului din care sa reiasa ca nu are datorii la bugetul de stat, bugetele locale si de asigurari sociale,precum si la\u00a0 creditele aflate in derulare, cu CNC<\/li>\n<\/ol>\n<\/li>\n<\/ol>\n<p><!--\n \t\n\n<li>Declaratii producator\u00a0 <a href=\"\/wp-content\/uploads\/2023\/09\/anexa2.doc\">aici<\/a><\/li>\n\n\n--><\/p>\n<ol>\n<li>Declaratii producator\u00a0 <a href=\"\/wp-content\/uploads\/2024\/06\/declaratiiprod-fg.doc\">aici<\/a><\/li>\n<\/ol>\n<p>[\/vc_column_text][\/vc_tta_section][\/vc_tta_tour][\/vc_column][\/vc_row][vc_row][vc_column][vc_column_text][\/vc_column_text][\/vc_column][\/vc_row]<\/p>\n<\/div>","protected":false},"excerpt":{"rendered":"<p>[vc_row][vc_column][vc_empty_space height=&#8221;20px&#8221;][vc_tta_tour style=&#8221;outline&#8221; color=&#8221;purple&#8221; active_section=&#8221;1&#8243; no_fill_content_area=&#8221;true&#8221;][vc_tta_section title=&#8221;Surse la Fond&#8221; tab_id=&#8221;1518526551650-12a2a1e3-0b6e&#8221;][vc_column_text] Fondul cinematografic se constituie din urm\u0103toarele surse: a) colectarea unei contribu\u0163ii de 3% din pre\u0163ul de v\u00e2nzare \u015fi\/sau de \u00eenchiriere al casetelor video \u00eenregistrate, al DVD-urilor sau al oric\u0103rui suport \u00eenregistrat, care poate fi multiplicat video ori digital, care se adaug\u0103 la pre\u0163ul acestora, pl\u0103tibil\u0103&hellip;<\/p>\n","protected":false},"author":2,"featured_media":0,"parent":24,"menu_order":0,"comment_status":"closed","ping_status":"closed","template":"","meta":{"footnotes":""},"class_list":["post-52353","page","type-page","status-publish","hentry","description-off"],"_links":{"self":[{"href":"http:\/\/cnc.gov.ro\/index.php?rest_route=\/wp\/v2\/pages\/52353","targetHints":{"allow":["GET"]}}],"collection":[{"href":"http:\/\/cnc.gov.ro\/index.php?rest_route=\/wp\/v2\/pages"}],"about":[{"href":"http:\/\/cnc.gov.ro\/index.php?rest_route=\/wp\/v2\/types\/page"}],"author":[{"embeddable":true,"href":"http:\/\/cnc.gov.ro\/index.php?rest_route=\/wp\/v2\/users\/2"}],"replies":[{"embeddable":true,"href":"http:\/\/cnc.gov.ro\/index.php?rest_route=%2Fwp%2Fv2%2Fcomments&post=52353"}],"version-history":[{"count":58,"href":"http:\/\/cnc.gov.ro\/index.php?rest_route=\/wp\/v2\/pages\/52353\/revisions"}],"predecessor-version":[{"id":62689,"href":"http:\/\/cnc.gov.ro\/index.php?rest_route=\/wp\/v2\/pages\/52353\/revisions\/62689"}],"up":[{"embeddable":true,"href":"http:\/\/cnc.gov.ro\/index.php?rest_route=\/wp\/v2\/pages\/24"}],"wp:attachment":[{"href":"http:\/\/cnc.gov.ro\/index.php?rest_route=%2Fwp%2Fv2%2Fmedia&parent=52353"}],"curies":[{"name":"wp","href":"https:\/\/api.w.org\/{rel}","templated":true}]}}