{"id":52352,"date":"2017-10-26T20:23:23","date_gmt":"2017-10-26T20:23:23","guid":{"rendered":"http:\/\/localhost:8888\/?page_id=49"},"modified":"2026-03-30T14:55:56","modified_gmt":"2026-03-30T11:55:56","slug":"patrimoniu","status":"publish","type":"page","link":"http:\/\/cnc.gov.ro\/?page_id=52352","title":{"rendered":"Patrimoniu"},"content":{"rendered":"<div class=\"wpb-content-wrapper\"><p>[vc_row css=&#8221;.vc_custom_1640169974900{padding-top: 64px !important;padding-left: 64px !important;}&#8221;][vc_column][vc_column_text css=&#8221;&#8221;]<span style=\"color: #993366; font-size: 12pt;\"><a style=\"color: #993366;\" href=\"wp-content\/uploads\/2025\/05\/filme-protocol.pdf\" target=\"_blank\" rel=\"noopener noreferrer\"><b>Filme preluate prin protocol<\/b><\/a><\/span><\/p>\n<p><span style=\"color: #993366; font-size: 12pt;\"><a style=\"color: #993366;\" href=\"http:\/\/cnc.gov.ro\/wp-content\/uploads\/2025\/11\/3-filme_de_patrimoniu.pdf\"> <strong>Filme de patrimoniu<\/strong><\/a><\/span><\/p>\n<p>&nbsp;<\/p>\n<div><\/div>\n<hr>\n<p>&nbsp;<\/p>\n<p><b style=\"font-size: 16px;\">ORDIN&nbsp; Nr. 3744\/2021 din 24 noiembrie 2021<\/b><\/p>\n<p>pentru modificarea <u>anexei<\/u> la Ordinul viceprim-ministrului, ministrul culturii, nr. 2.526\/2014 privind aprobarea cuantumului remunera\u0163iilor pentru cesiunea neexclusiv\u0103 a dreptului de utilizare a filmelor ce fac parte din patrimoniul na\u0163ional al cinematografiei, aflat \u00een administrarea Centrului Na\u0163ional al Cinematografiei<\/p>\n<p>EMITENT:&nbsp;&nbsp;&nbsp;&nbsp; MINISTERUL CULTURII<\/p>\n<p>PUBLICAT \u00ceN: MONITORUL OFICIAL&nbsp; NR. 1164 din 8 decembrie 2021<\/p>\n<p><a href=\"\/wp-content\/uploads\/2021\/12\/Ord3744.docx\"><em><strong>LINK ORDIN<\/strong><\/em><\/a>[\/vc_column_text][\/vc_column][\/vc_row]<\/p>\n<\/div>","protected":false},"excerpt":{"rendered":"<p>[vc_row css=&#8221;.vc_custom_1640169974900{padding-top: 64px !important;padding-left: 64px !important;}&#8221;][vc_column][vc_column_text css=&#8221;&#8221;]Filme preluate prin protocol Filme de patrimoniu &nbsp; &nbsp; ORDIN&nbsp; Nr. 3744\/2021 din 24 noiembrie 2021 pentru modificarea anexei la Ordinul viceprim-ministrului, ministrul culturii, nr. 2.526\/2014 privind aprobarea cuantumului remunera\u0163iilor pentru cesiunea neexclusiv\u0103 a dreptului de utilizare a filmelor ce fac parte din patrimoniul na\u0163ional al cinematografiei, aflat \u00een&hellip;<\/p>\n","protected":false},"author":2,"featured_media":0,"parent":24,"menu_order":0,"comment_status":"closed","ping_status":"closed","template":"","meta":{"footnotes":""},"class_list":["post-52352","page","type-page","status-publish","hentry","description-off"],"_links":{"self":[{"href":"http:\/\/cnc.gov.ro\/index.php?rest_route=\/wp\/v2\/pages\/52352","targetHints":{"allow":["GET"]}}],"collection":[{"href":"http:\/\/cnc.gov.ro\/index.php?rest_route=\/wp\/v2\/pages"}],"about":[{"href":"http:\/\/cnc.gov.ro\/index.php?rest_route=\/wp\/v2\/types\/page"}],"author":[{"embeddable":true,"href":"http:\/\/cnc.gov.ro\/index.php?rest_route=\/wp\/v2\/users\/2"}],"replies":[{"embeddable":true,"href":"http:\/\/cnc.gov.ro\/index.php?rest_route=%2Fwp%2Fv2%2Fcomments&post=52352"}],"version-history":[{"count":37,"href":"http:\/\/cnc.gov.ro\/index.php?rest_route=\/wp\/v2\/pages\/52352\/revisions"}],"predecessor-version":[{"id":62908,"href":"http:\/\/cnc.gov.ro\/index.php?rest_route=\/wp\/v2\/pages\/52352\/revisions\/62908"}],"up":[{"embeddable":true,"href":"http:\/\/cnc.gov.ro\/index.php?rest_route=\/wp\/v2\/pages\/24"}],"wp:attachment":[{"href":"http:\/\/cnc.gov.ro\/index.php?rest_route=%2Fwp%2Fv2%2Fmedia&parent=52352"}],"curies":[{"name":"wp","href":"https:\/\/api.w.org\/{rel}","templated":true}]}}