{"id":51650,"date":"2018-01-09T11:53:36","date_gmt":"2018-01-09T11:53:36","guid":{"rendered":"http:\/\/localhost:8888\/noutati\/arhiva\/"},"modified":"2024-11-27T19:41:01","modified_gmt":"2024-11-27T19:41:01","slug":"arhiva","status":"publish","type":"page","link":"http:\/\/cnc.gov.ro\/?page_id=51650","title":{"rendered":"Arhiv\u0103"},"content":{"rendered":"<div class=\"wpb-content-wrapper\"><p>[vc_row][vc_column width=&#8221;1\/4&#8243;][vc_text_separator title=&#8221;&#8221; title_align=&#8221;separator_align_left&#8221; color=&#8221;custom&#8221; accent_color=&#8221;#ffffff&#8221;][vc_text_separator title=&#8221;Arhiv\u0103 sesiuni de finan\u021bare a proiectelor cinematografice prin credit direct pentru dezvoltare \u0219i produc\u021bie.&#8221; title_align=&#8221;separator_align_left&#8221; color=&#8221;custom&#8221; accent_color=&#8221;#ba4d9e&#8221;][\/vc_column][vc_column width=&#8221;1\/2&#8243;][vc_separator color=&#8221;white&#8221;][vc_tta_accordion style=&#8221;outline&#8221; color=&#8221;purple&#8221; c_align=&#8221;center&#8221; active_section=&#8221;1&#8243; no_fill=&#8221;true&#8221;][vc_tta_section title=&#8221;2024&#8243; tab_id=&#8221;1402736296998-8a83acb1-a616&#8243;][vc_column_text css=&#8221;&#8221;]<!--\u00bb <a href=\"\/?page_id=59936\">Sesiunea II 2024<\/a>--><br \/>\n\u00bb <a href=\"\/?page_id=60528\">Sesiunea I 2024<\/a>[\/vc_column_text][\/vc_tta_section][vc_tta_section title=&#8221;2023&#8243; tab_id=&#8221;1699258441056-f2475b75-4716&#8243;][vc_column_text css=&#8221;&#8221;]\u00bb <a href=\"\/?page_id=59936\">Sesiunea II 2023<\/a><br \/>\n\u00bb <a href=\"\/?page_id=59240\">Sesiunea I 2023<\/a>[\/vc_column_text][\/vc_tta_section][vc_tta_section title=&#8221;2022&#8243; tab_id=&#8221;1684913033373-a41cf582-91dd&#8221;][vc_column_text]\u00bb <a href=\"\/?page_id=58502\">Sesiunea I 2022<\/a>[\/vc_column_text][\/vc_tta_section][vc_tta_section title=&#8221;2021&#8243; tab_id=&#8221;1640125984149-736ddf73-1372&#8243;][vc_column_text]\u00bb <a href=\"\/?page_id=56699\">Sesiunea II 2021<\/a><\/p>\n<p>\u00bb <a href=\"\/?page_id=57588\">Sesiunea I 2021<\/a>[\/vc_column_text][\/vc_tta_section][vc_tta_section title=&#8221;2019&#8243; tab_id=&#8221;1576665583357-4eac1266-d03d&#8221;][vc_column_text]\u00bb <a href=\"\/?p=53714\">Sesiunea II 2019<\/a><\/p>\n<p>\u00bb <a href=\"\/?page_id=55529\">Sesiunea 2019<\/a>[\/vc_column_text][\/vc_tta_section][vc_tta_section title=&#8221;2018&#8243; tab_id=&#8221;1559565002769-88a0bb11-5a85&#8243;][vc_column_text]<a href=\"\/?page_id=54881\">Sesiune 2018<\/a>[\/vc_column_text][\/vc_tta_section][vc_tta_section title=&#8221;2017&#8243; tab_id=&#8221;1516094678003-d6829190-f37f&#8221;][vc_column_text]<a href=\"\/?page_id=51660\" target=\"_blank\" rel=\"noopener noreferrer\">Sesiunea 2017<\/a><\/p>\n<p><a href=\"\/wp-content\/uploads\/2021\/05\/ArhivaListaFestivaluri.zip\" rel=\"noopener noreferrer\">Arhiva Lista Festivaluri<\/a>[\/vc_column_text][\/vc_tta_section][vc_tta_section title=&#8221;2016&#8243; tab_id=&#8221;1526893802535-233f4d97-0743&#8243;][vc_column_text]<span style=\"font-size: 12px; color: #ba4d9e;\"><a style=\"color: #ba4d9e;\" href=\"http:\/\/cncold.gov.ro\/?page_id=3514\">Sesiunea II<\/a><\/span><\/p>\n<p><span style=\"font-size: 12px; color: #ba4d9e;\"><a style=\"color: #ba4d9e;\" href=\"http:\/\/cncold.gov.ro\/?page_id=2498\">Sesiunea I<\/a><\/span>[\/vc_column_text][\/vc_tta_section][vc_tta_section title=&#8221;2015&#8243; tab_id=&#8221;1516094678003-cc7d3143-44b6&#8243;][\/vc_tta_section][vc_tta_section title=&#8221;2014&#8243; tab_id=&#8221;1516094861237-1e8056d5-0473&#8243;][vc_column_text]<\/p>\n<h4><span style=\"font-size: 12px; color: #ba4d9e;\"><a style=\"color: #ba4d9e;\" href=\"http:\/\/cncold.gov.ro\/?page_id=1584\">Sesiunea II<\/a><\/span><\/h4>\n<h4><span style=\"font-size: 12px; color: #ba4d9e;\"><a style=\"color: #ba4d9e;\" href=\"http:\/\/cncold.gov.ro\/?page_id=1586\">Sesiunea I<\/a><\/span><\/h4>\n<p>[\/vc_column_text][\/vc_tta_section][vc_tta_section title=&#8221;2013&#8243; tab_id=&#8221;1516094902360-0b7788c3-24e5&#8243;][vc_column_text]<\/p>\n<h4><span style=\"font-size: 12px; color: #ba4d9e;\">Sesiunea I<\/span><\/h4>\n<h4><span style=\"font-size: 12px; color: #ba4d9e;\"><a style=\"color: #ba4d9e;\" href=\"http:\/\/cncold.gov.ro\/wp-content\/uploads\/2013\/07\/img224.pdf\">Clasament proiecte cinematografice, sesiunea I 2013<\/a><\/span><\/h4>\n<h4><span style=\"font-size: 12px; color: #ba4d9e;\"><a style=\"color: #ba4d9e;\" href=\"http:\/\/cncold.gov.ro\/wp-content\/uploads\/2013\/07\/Respingere-DOC-ses-2013.jpeg\">Hot\u0103r\u00e2re respingere documentare, sesiunea 2013<\/a><\/span><\/h4>\n<h4><span style=\"font-size: 12px; color: #ba4d9e;\"><a style=\"color: #ba4d9e;\" href=\"http:\/\/cncold.gov.ro\/wp-content\/uploads\/2013\/07\/ANUNT-CASTIGATORI.doc\">Rezultate concurs \u2013 Proiecte cinematografice \u2013 sesiunea I 2013<\/a><\/span><\/h4>\n<p>[\/vc_column_text][\/vc_tta_section][vc_tta_section title=&#8221;2012&#8243; tab_id=&#8221;1516094940808-a301bd4b-9fa7&#8243;][vc_column_text]<\/p>\n<h4><span style=\"font-size: 12px; color: #ba4d9e;\">Sesiunea I<\/span><\/h4>\n<h4><span style=\"font-size: 12px; color: #ba4d9e;\"><a style=\"color: #ba4d9e;\" href=\"http:\/\/cncold.gov.ro\/wp-content\/themes\/cnc\/pdf\/fls-1640.pdf\">Hot\u0103r\u00e2rea final\u0103 cu privire la rezultatele concursului de selec\u021bie a proiectelor cinematografice \u0219i de acordare a creditelor financiare , sesiunea I de concurs 2012<\/a><\/span><\/h4>\n<ol>\n<li>\n<h4><span style=\"font-size: 12px; color: #ba4d9e;\"><a style=\"color: #ba4d9e;\" href=\"http:\/\/cncold.gov.ro\/wp-content\/themes\/cnc\/pdf\/fls-1638.xls\"> Rezultatele concursului de proiecte de lung metraj fic\u021biune\u00a0<\/a><\/span><\/h4>\n<h4><span style=\"font-size: 12px; color: #ba4d9e;\"> <a style=\"color: #ba4d9e;\" href=\"http:\/\/cncold.gov.ro\/wp-content\/themes\/cnc\/pdf\/fls-1633.xls\">2. Rezultatele concursului de proiecte de debut lung metraj\u00a0<\/a><\/span><\/h4>\n<h4><span style=\"font-size: 12px; color: #ba4d9e;\"> <a style=\"color: #ba4d9e;\" href=\"http:\/\/cnc.gov.ro\/wp-content\/themes\/cnc\/pdf\/fls-1637.xls\">3. Rezultatele concursului de proiecte de scurt metraj\u00a0<\/a><\/span><\/h4>\n<h4><span style=\"font-size: 12px; color: #ba4d9e;\"> <a style=\"color: #ba4d9e;\" href=\"http:\/\/cncold.gov.ro\/wp-content\/themes\/cnc\/pdf\/fls-1639.xls\">4. Rezultatele concursului de proiecte de documentar\u00a0<\/a><\/span><\/h4>\n<h4><span style=\"font-size: 12px; color: #ba4d9e;\"> <a style=\"color: #ba4d9e;\" href=\"http:\/\/cncold.gov.ro\/wp-content\/themes\/cnc\/pdf\/fls-1632.xls\">5. Rezultatele concursului de proiecte de anima\u021bie\u00a0<\/a><\/span><\/h4>\n<h4><span style=\"font-size: 12px; color: #ba4d9e;\"> <a style=\"color: #ba4d9e;\" href=\"http:\/\/cncold.gov.ro\/wp-content\/themes\/cnc\/pdf\/fls-1634.xls\">6. Rezultatele concursului de proiecte de dezvoltare\u00a0<\/a><\/span><\/h4>\n<h4><span style=\"font-size: 12px; color: #ba4d9e;\"> <a style=\"color: #ba4d9e;\" href=\"http:\/\/cncold.gov.ro\/wp-content\/themes\/cnc\/pdf\/fls-1631.doc\">7. Lista proiectelor eliminate din concurs\u00a0<\/a><\/span><\/h4>\n<h4><span style=\"font-size: 12px; color: #ba4d9e;\"> <a style=\"color: #ba4d9e;\" href=\"http:\/\/cncold.gov.ro\/wp-content\/themes\/cnc\/pdf\/fls-1628.jpg\">8. Hot\u0103r\u00e2re nr.842; 15.03.2013\u00a0<\/a><\/span><\/h4>\n<h4><span style=\"font-size: 12px; color: #ba4d9e;\"> <a style=\"color: #ba4d9e;\" href=\"http:\/\/cncold.gov.ro\/wp-content\/themes\/cnc\/pdf\/fls-1629.jpg\">9. Hot\u0103r\u00e2re nr. 920; 22.03.2013\u00a0<\/a><\/span><\/h4>\n<h4><span style=\"font-size: 12px; color: #ba4d9e;\"> <a style=\"color: #ba4d9e;\" href=\"http:\/\/cncold.gov.ro\/wp-content\/themes\/cnc\/pdf\/fls-1630.jpg\">10. Hot\u0103r\u00e2re nr.977; 28.03.2013<\/a><\/span><\/h4>\n<\/li>\n<\/ol>\n<p>[\/vc_column_text][\/vc_tta_section][vc_tta_section title=&#8221;2011&#8243; tab_id=&#8221;1516094980194-f1906d8e-c7cb&#8221;][vc_column_text]<\/p>\n<h4><span style=\"font-size: 12px; color: #ba4d9e;\">Sesiunea I<\/span><\/h4>\n<h4><span style=\"font-size: 12px; color: #ba4d9e;\"><a style=\"color: #ba4d9e;\" href=\"http:\/\/cncold.gov.ro\/wp-content\/themes\/cnc\/pdf\/fls-1294.pdf\">Rezultatele concursului de proiecte de lung metraj fic\u021biune<\/a><\/span><\/h4>\n<h4><span style=\"font-size: 12px; color: #ba4d9e;\"><a style=\"color: #ba4d9e;\" href=\"http:\/\/cncold.gov.ro\/wp-content\/themes\/cnc\/pdf\/fls-1301.pdf\">Rezultatele concursului de proiecte de debut lung metraj fic\u021biune<\/a><\/span><\/h4>\n<h4><span style=\"font-size: 12px; color: #ba4d9e;\"><a style=\"color: #ba4d9e;\" href=\"http:\/\/cncold.gov.ro\/wp-content\/themes\/cnc\/pdf\/fls-1296.pdf\">Rezultatele concursului de proiecte de scurt metraj<\/a><\/span><\/h4>\n<h4><span style=\"font-size: 12px; color: #ba4d9e;\"><a style=\"color: #ba4d9e;\" href=\"http:\/\/cncold.gov.ro\/wp-content\/themes\/cnc\/pdf\/fls-1297.pdf\">Rezultatele concursului de proiecte de documentar lung \u0219i scurt metraj<\/a><\/span><\/h4>\n<h4><span style=\"font-size: 12px; color: #ba4d9e;\"><a style=\"color: #ba4d9e;\" href=\"http:\/\/cncold.gov.ro\/wp-content\/themes\/cnc\/pdf\/fls-1298.pdf\">Rezultatele concursului de proiecte de anima\u021bie lung \u0219i scurt metraj<\/a><\/span><\/h4>\n<h4><span style=\"font-size: 12px; color: #ba4d9e;\"><a style=\"color: #ba4d9e;\" href=\"http:\/\/cncold.gov.ro\/wp-content\/themes\/cnc\/pdf\/fls-1299.pdf\">Rezultatele concursului de proiecte de dezvoltare lung metraj fic\u021biune si documentar\u00a0<\/a><\/span><\/h4>\n<p>[\/vc_column_text][\/vc_tta_section][vc_tta_section title=&#8221;2010&#8243; tab_id=&#8221;1516095010977-07cc3288-e8f0&#8243;][vc_column_text]<\/p>\n<h4><span style=\"font-size: 12px;\"><strong>Sesiunea II<\/strong><\/span><\/h4>\n<h4><span style=\"color: #ba4d9e; font-size: 12px;\">\u2013\u00a0<a style=\"color: #ba4d9e;\" href=\"http:\/\/cncold.gov.ro\/wp-content\/themes\/cnc\/pdf\/fls-1173.pdf\">Rezultatele concursului de proiecte de lung metraj fic\u021biune<\/a><\/span><\/h4>\n<p><span style=\"color: #ba4d9e; font-size: 12px;\"> \u2013\u00a0<a style=\"color: #ba4d9e;\" href=\"http:\/\/cncold.gov.ro\/wp-content\/themes\/cnc\/pdf\/fls-1174.pdf\">Rezultatele concursului de proiecte de debut lung metraj fic\u021biune<\/a><\/span><\/p>\n<p><span style=\"color: #ba4d9e; font-size: 12px;\"> \u2013\u00a0<a style=\"color: #ba4d9e;\" href=\"http:\/\/cncold.gov.ro\/wp-content\/themes\/cnc\/pdf\/fls-1175.pdf\">Rezultatele concursului de proiecte de scurt metraj fic\u021biune<\/a><\/span><\/p>\n<p><span style=\"color: #ba4d9e; font-size: 12px;\"> \u2013\u00a0<a style=\"color: #ba4d9e;\" href=\"http:\/\/cncold.gov.ro\/wp-content\/themes\/cnc\/pdf\/fls-1176.pdf\">Rezultatele concursului de proiecte de documentar lung \u0219i scurt metraj<\/a><\/span><\/p>\n<p><span style=\"color: #ba4d9e; font-size: 12px;\"> \u2013\u00a0<a style=\"color: #ba4d9e;\" href=\"http:\/\/cncold.gov.ro\/wp-content\/themes\/cnc\/pdf\/fls-1177.pdf\">Rezultatele concursului de proiecte de anima\u021bie lung \u0219i scurt metraj<\/a><\/span><\/p>\n<p><span style=\"color: #ba4d9e; font-size: 12px;\"> \u2013\u00a0<a style=\"color: #ba4d9e;\" href=\"http:\/\/cncold.gov.ro\/wp-content\/themes\/cnc\/pdf\/fls-1178.pdf\">Rezultatele concursului de proiecte de dezvoltare lung metraj fic\u021biune \u0219i\u00a0\u00a0<\/a><a style=\"color: #ba4d9e;\" href=\"http:\/\/cnc.gov.ro\/wp-content\/themes\/cnc\/pdf\/fls-1178.pdf\">documentar<\/a><\/span><\/p>\n<h4><\/h4>\n<h4><span style=\"font-size: 12px;\"><strong>Sesiunea I<\/strong><\/span><\/h4>\n<h4><span style=\"font-size: 12px;\">\u2013<span style=\"color: #ba4d9e;\">\u00a0<a style=\"color: #ba4d9e;\" href=\"http:\/\/cncold.gov.ro\/wp-content\/themes\/cnc\/pdf\/fls-1015.pdf\">Rezultatele concursului de proiecte de lung metraj fic\u021biune\u00a0<\/a><\/span><\/span><\/h4>\n<p><span style=\"color: #ba4d9e; font-size: 12px;\"> \u2013\u00a0<a style=\"color: #ba4d9e;\" href=\"http:\/\/cncold.gov.ro\/wp-content\/themes\/cnc\/pdf\/fls-1010.pdf\">Rezultatele concursului de proiecte de debut lung metraj fic\u021biune<\/a><\/span><\/p>\n<p><span style=\"color: #ba4d9e; font-size: 12px;\"> \u2013\u00a0<a style=\"color: #ba4d9e;\" href=\"http:\/\/cncold.gov.ro\/wp-content\/themes\/cnc\/pdf\/fls-1011.pdf\">Rezultatele concursului de proiecte de scurt metraj fic\u021biune\u00a0<\/a><\/span><\/p>\n<p><span style=\"color: #ba4d9e; font-size: 12px;\"> \u2013\u00a0<a style=\"color: #ba4d9e;\" href=\"http:\/\/cncold.gov.ro\/wp-content\/themes\/cnc\/pdf\/fls-1012.pdf\">Rezultatele concursului de proiecte de documentar lung \u0219i scurt metraj\u00a0<\/a><\/span><\/p>\n<p><span style=\"color: #ba4d9e; font-size: 12px;\"> \u2013\u00a0<a style=\"color: #ba4d9e;\" href=\"http:\/\/cncold.gov.ro\/wp-content\/themes\/cnc\/pdf\/fls-1013.pdf\">Rezultatele concursului de proiecte de anima\u021bie lung \u0219i scurt metraj\u00a0<\/a><\/span><\/p>\n<p><span style=\"color: #ba4d9e; font-size: 12px;\"> \u2013\u00a0<a style=\"color: #ba4d9e;\" href=\"http:\/\/cncold.gov.ro\/wp-content\/themes\/cnc\/pdf\/fls-1014.pdf\">Rezultatele concursului de proiecte de dezvoltare lung metraj documentar si fic\u021biune<\/a><\/span>[\/vc_column_text][\/vc_tta_section][vc_tta_section title=&#8221;2009&#8243; tab_id=&#8221;1516095218738-c47846e8-de85&#8243;][vc_column_text][\/vc_column_text][\/vc_tta_section][vc_tta_section title=&#8221;2008&#8243; tab_id=&#8221;1516095258761-455f889b-e8ca&#8221;][vc_column_text]<\/p>\n<h4><span style=\"font-size: 12px; color: #ba4d9e;\"><a style=\"color: #ba4d9e;\" href=\"http:\/\/cncold.gov.ro\/wp-content\/themes\/cnc\/pdf\/fls-1611.xls\">Sesiunea II<\/a><\/span><\/h4>\n<h4><span style=\"font-size: 12px; color: #ba4d9e;\"><a style=\"color: #ba4d9e;\" href=\"http:\/\/cncold.gov.ro\/wp-content\/themes\/cnc\/pdf\/fls-1610.xls\">Sesiunea I<\/a><\/span><\/h4>\n<p>[\/vc_column_text][\/vc_tta_section][vc_tta_section title=&#8221;2007&#8243; tab_id=&#8221;1516095289069-98fa74d6-66b6&#8243;][vc_column_text]<\/p>\n<h4><span style=\"color: #ba4d9e; font-size: 12px;\"><a style=\"color: #ba4d9e;\" href=\"http:\/\/cncold.gov.ro\/wp-content\/themes\/cnc\/pdf\/fls-1609.xls\">Sesiunea II<\/a><\/span><\/h4>\n<h4><span style=\"color: #ba4d9e; font-size: 12px;\"><a style=\"color: #ba4d9e;\" href=\"http:\/\/cncold.gov.ro\/wp-content\/themes\/cnc\/pdf\/fls-1609.xls\">Sesiunea I<\/a><\/span><\/h4>\n<h4><span style=\"color: #ba4d9e; font-size: 12px;\">\u00a0<\/span><\/h4>\n<p>[\/vc_column_text][\/vc_tta_section][vc_tta_section title=&#8221;2006&#8243; tab_id=&#8221;1516095316279-71e1e1c1-e916&#8243;][vc_column_text]<\/p>\n<h4><span style=\"font-size: 12px; color: #ba4d9e;\"><a style=\"color: #ba4d9e;\" href=\"http:\/\/cncold.gov.ro\/wp-content\/themes\/cnc\/pdf\/fls-1607.xls\">Sesiunea I<\/a><\/span><\/h4>\n<p>[\/vc_column_text][\/vc_tta_section][\/vc_tta_accordion][\/vc_column][vc_column width=&#8221;1\/4&#8243;][\/vc_column][\/vc_row]<\/p>\n<\/div>","protected":false},"excerpt":{"rendered":"<p>[vc_row][vc_column width=&#8221;1\/4&#8243;][vc_text_separator title=&#8221;&#8221; title_align=&#8221;separator_align_left&#8221; color=&#8221;custom&#8221; accent_color=&#8221;#ffffff&#8221;][vc_text_separator title=&#8221;Arhiv\u0103 sesiuni de finan\u021bare a proiectelor cinematografice prin credit direct pentru dezvoltare \u0219i produc\u021bie.&#8221; title_align=&#8221;separator_align_left&#8221; color=&#8221;custom&#8221; accent_color=&#8221;#ba4d9e&#8221;][\/vc_column][vc_column width=&#8221;1\/2&#8243;][vc_separator color=&#8221;white&#8221;][vc_tta_accordion style=&#8221;outline&#8221; color=&#8221;purple&#8221; c_align=&#8221;center&#8221; active_section=&#8221;1&#8243; no_fill=&#8221;true&#8221;][vc_tta_section title=&#8221;2024&#8243; tab_id=&#8221;1402736296998-8a83acb1-a616&#8243;][vc_column_text css=&#8221;&#8221;] \u00bb Sesiunea I 2024[\/vc_column_text][\/vc_tta_section][vc_tta_section title=&#8221;2023&#8243; tab_id=&#8221;1699258441056-f2475b75-4716&#8243;][vc_column_text css=&#8221;&#8221;]\u00bb Sesiunea II 2023 \u00bb Sesiunea I 2023[\/vc_column_text][\/vc_tta_section][vc_tta_section title=&#8221;2022&#8243; tab_id=&#8221;1684913033373-a41cf582-91dd&#8221;][vc_column_text]\u00bb Sesiunea I 2022[\/vc_column_text][\/vc_tta_section][vc_tta_section title=&#8221;2021&#8243; tab_id=&#8221;1640125984149-736ddf73-1372&#8243;][vc_column_text]\u00bb Sesiunea&hellip;<\/p>\n","protected":false},"author":2,"featured_media":0,"parent":0,"menu_order":1008,"comment_status":"closed","ping_status":"closed","template":"","meta":{"footnotes":""},"class_list":["post-51650","page","type-page","status-publish","hentry","description-off"],"_links":{"self":[{"href":"http:\/\/cnc.gov.ro\/index.php?rest_route=\/wp\/v2\/pages\/51650","targetHints":{"allow":["GET"]}}],"collection":[{"href":"http:\/\/cnc.gov.ro\/index.php?rest_route=\/wp\/v2\/pages"}],"about":[{"href":"http:\/\/cnc.gov.ro\/index.php?rest_route=\/wp\/v2\/types\/page"}],"author":[{"embeddable":true,"href":"http:\/\/cnc.gov.ro\/index.php?rest_route=\/wp\/v2\/users\/2"}],"replies":[{"embeddable":true,"href":"http:\/\/cnc.gov.ro\/index.php?rest_route=%2Fwp%2Fv2%2Fcomments&post=51650"}],"version-history":[{"count":24,"href":"http:\/\/cnc.gov.ro\/index.php?rest_route=\/wp\/v2\/pages\/51650\/revisions"}],"predecessor-version":[{"id":61274,"href":"http:\/\/cnc.gov.ro\/index.php?rest_route=\/wp\/v2\/pages\/51650\/revisions\/61274"}],"wp:attachment":[{"href":"http:\/\/cnc.gov.ro\/index.php?rest_route=%2Fwp%2Fv2%2Fmedia&parent=51650"}],"curies":[{"name":"wp","href":"https:\/\/api.w.org\/{rel}","templated":true}]}}