{"id":51646,"date":"2018-01-09T11:53:36","date_gmt":"2018-01-09T11:53:36","guid":{"rendered":"http:\/\/localhost:8888\/transparenta\/relatii-internationale\/"},"modified":"2023-09-13T06:59:42","modified_gmt":"2023-09-13T06:59:42","slug":"relatii-internationale","status":"publish","type":"page","link":"http:\/\/cnc.gov.ro\/?page_id=51646","title":{"rendered":"Tratate, acorduri &#038; dclara\u021bii comune"},"content":{"rendered":"<div class=\"wpb-content-wrapper\"><p>[vc_row][vc_column width=&#8221;1\/4&#8243;][vc_text_separator title=&#8221;&#8221; title_align=&#8221;separator_align_left&#8221; color=&#8221;custom&#8221; accent_color=&#8221;#ffffff&#8221;][vc_text_separator title=&#8221;Rela\u021bii interna\u021bionale&#8221; title_align=&#8221;separator_align_left&#8221; color=&#8221;custom&#8221; accent_color=&#8221;#ba4d9e&#8221;][\/vc_column][vc_column width=&#8221;1\/2&#8243;][vc_separator color=&#8221;white&#8221;][vc_tta_tour style=&#8221;outline&#8221; color=&#8221;purple&#8221; active_section=&#8221;1&#8243; no_fill_content_area=&#8221;true&#8221;][vc_tta_section title=&#8221;Tratate \u0219i acorduri bilaterale&#8221; tab_id=&#8221;1518535385561-ad50b1ba-1411&#8243;][vc_column_text]<\/p>\n<h4 style=\"text-align: justify;\"><span style=\"font-size: 12px;\">Acord \u00eentre Guvernul Rom\u00e2niei \u015fi Guvernul Canadei \u00een domeniul rela\u0163iilor cinematografice<\/span><\/h4>\n<h4 style=\"text-align: justify;\"><span style=\"font-size: 12px; color: #ba4d9e;\"><a style=\"color: #ba4d9e;\" href=\"http:\/\/legislatie.just.ro\/Public\/DetaliiDocument\/84705\">http:\/\/legislatie.just.ro\/Public\/DetaliiDocument\/84705<\/a><\/span><\/h4>\n<h4 style=\"text-align: justify;\"><span style=\"font-size: 12px;\">Acord privind coproduc\u0163iile cinematografice \u00eentre Guvernul Rom\u00e2niei \u015fi Guvernul Statului Israel<\/span><\/h4>\n<h4 style=\"text-align: justify;\"><span style=\"font-size: 12px;\"><a href=\"http:\/\/legislatie.just.ro\/Public\/DetaliiDocument\/152298\"><span style=\"color: #ba4d9e;\">http:\/\/legislatie.just.ro\/Public\/DetaliiDocument\/152298<\/span><\/a><\/span><\/h4>\n<h4 style=\"text-align: justify;\"><span style=\"font-size: 12px;\">Acord de coproduc\u021bie cinematografic\u0103 \u00eentre Guvernul Republicii Socialiste Rom\u00e2nia \u015fi Guvernul Republicii Italiene<\/span><\/h4>\n<h4 style=\"text-align: justify;\"><span style=\"font-size: 12px; color: #ba4d9e;\"><a style=\"color: #ba4d9e;\" href=\"http:\/\/legislatie.just.ro\/Public\/DetaliiDocument\/28507\">http:\/\/legislatie.just.ro\/Public\/DetaliiDocument\/28507<\/a><\/span><\/h4>\n<h4 style=\"text-align: justify;\"><span style=\"font-size: 12px;\">Acord de coproduc\u021bie \u00een domeniul cinematografiei \u00eentre Guvernul Rom\u00e2niei \u015fi Guvernul Republicii Franceze<\/span><\/h4>\n<h4 style=\"text-align: justify;\"><span style=\"font-size: 12px; color: #ba4d9e;\"><a style=\"color: #ba4d9e;\" href=\"http:\/\/legislatie.just.ro\/Public\/DetaliiDocument\/114812\">http:\/\/legislatie.just.ro\/Public\/DetaliiDocument\/114812<\/a><\/span><\/h4>\n<h4><span style=\"font-size: 12px;\">Acord de colaborare \u00eentre Centrul Na\u021bional al Cinematografiei din Republica Moldova \u0219i Centrul Na\u021bional al Cinematografiei din Rom\u00e2nia<\/span><\/h4>\n<p><iframe loading=\"lazy\" src=\"http:\/\/cnc.gov.ro\/wp-content\/uploads\/2023\/09\/TratatROMD.pdf\" width=\"400\" height=\"480\"> <\/iframe><br \/>\n<a href=\"http:\/\/cnc.gov.ro\/wp-content\/uploads\/2023\/09\/TratatROMD.pdf\" target=\"_blank\" rel=\"noopener\">Vizualizare\/Download Document<\/a>[\/vc_column_text][\/vc_tta_section][vc_tta_section title=&#8221;Declara\u021bii comune&#8221; tab_id=&#8221;1518535385566-9d396272-2d64&#8243;][vc_column_text][googlepdf url=&#8221;http:\/\/cncnew2.abt.ro\/wp-content\/uploads\/2018\/02\/Declaratie-comuna-intre-Romania-si-Franta-1.pdf&#8221; download=&#8221;Download&#8221; width=&#8221;340&#8243; height=&#8221;440&#8243;][\/vc_column_text][\/vc_tta_section][\/vc_tta_tour][\/vc_column][vc_column width=&#8221;1\/4&#8243;][\/vc_column][\/vc_row]<\/p>\n<\/div>","protected":false},"excerpt":{"rendered":"<p>[vc_row][vc_column width=&#8221;1\/4&#8243;][vc_text_separator title=&#8221;&#8221; title_align=&#8221;separator_align_left&#8221; color=&#8221;custom&#8221; accent_color=&#8221;#ffffff&#8221;][vc_text_separator title=&#8221;Rela\u021bii interna\u021bionale&#8221; title_align=&#8221;separator_align_left&#8221; color=&#8221;custom&#8221; accent_color=&#8221;#ba4d9e&#8221;][\/vc_column][vc_column width=&#8221;1\/2&#8243;][vc_separator color=&#8221;white&#8221;][vc_tta_tour style=&#8221;outline&#8221; color=&#8221;purple&#8221; active_section=&#8221;1&#8243; no_fill_content_area=&#8221;true&#8221;][vc_tta_section title=&#8221;Tratate \u0219i acorduri bilaterale&#8221; tab_id=&#8221;1518535385561-ad50b1ba-1411&#8243;][vc_column_text] Acord \u00eentre Guvernul Rom\u00e2niei \u015fi Guvernul Canadei \u00een domeniul rela\u0163iilor cinematografice http:\/\/legislatie.just.ro\/Public\/DetaliiDocument\/84705 Acord privind coproduc\u0163iile cinematografice \u00eentre Guvernul Rom\u00e2niei \u015fi Guvernul Statului Israel http:\/\/legislatie.just.ro\/Public\/DetaliiDocument\/152298 Acord de coproduc\u021bie cinematografic\u0103 \u00eentre Guvernul Republicii Socialiste Rom\u00e2nia&hellip;<\/p>\n","protected":false},"author":2,"featured_media":0,"parent":52345,"menu_order":1004,"comment_status":"closed","ping_status":"closed","template":"","meta":{"footnotes":""},"class_list":["post-51646","page","type-page","status-publish","hentry","description-off"],"_links":{"self":[{"href":"http:\/\/cnc.gov.ro\/index.php?rest_route=\/wp\/v2\/pages\/51646","targetHints":{"allow":["GET"]}}],"collection":[{"href":"http:\/\/cnc.gov.ro\/index.php?rest_route=\/wp\/v2\/pages"}],"about":[{"href":"http:\/\/cnc.gov.ro\/index.php?rest_route=\/wp\/v2\/types\/page"}],"author":[{"embeddable":true,"href":"http:\/\/cnc.gov.ro\/index.php?rest_route=\/wp\/v2\/users\/2"}],"replies":[{"embeddable":true,"href":"http:\/\/cnc.gov.ro\/index.php?rest_route=%2Fwp%2Fv2%2Fcomments&post=51646"}],"version-history":[{"count":20,"href":"http:\/\/cnc.gov.ro\/index.php?rest_route=\/wp\/v2\/pages\/51646\/revisions"}],"predecessor-version":[{"id":59786,"href":"http:\/\/cnc.gov.ro\/index.php?rest_route=\/wp\/v2\/pages\/51646\/revisions\/59786"}],"up":[{"embeddable":true,"href":"http:\/\/cnc.gov.ro\/index.php?rest_route=\/wp\/v2\/pages\/52345"}],"wp:attachment":[{"href":"http:\/\/cnc.gov.ro\/index.php?rest_route=%2Fwp%2Fv2%2Fmedia&parent=51646"}],"curies":[{"name":"wp","href":"https:\/\/api.w.org\/{rel}","templated":true}]}}