{"id":51642,"date":"2018-01-09T11:53:36","date_gmt":"2018-01-09T11:53:36","guid":{"rendered":"http:\/\/localhost:8888\/legislatie\/legislatie-nationala\/"},"modified":"2025-09-25T14:11:17","modified_gmt":"2025-09-25T11:11:17","slug":"legislatie-nationala","status":"publish","type":"page","link":"http:\/\/cnc.gov.ro\/?page_id=51642","title":{"rendered":"Legisla\u021bie na\u021bional\u0103"},"content":{"rendered":"<div class=\"wpb-content-wrapper\"><p>[vc_row][vc_column width=&#8221;1\/4&#8243;][vc_text_separator title=&#8221;&#8221; title_align=&#8221;separator_align_left&#8221; color=&#8221;custom&#8221; accent_color=&#8221;#ffffff&#8221;][vc_text_separator title=&#8221;Legisla\u021bie na\u021bional\u0103&#8221; title_align=&#8221;separator_align_left&#8221; color=&#8221;custom&#8221; accent_color=&#8221;#ba4d9e&#8221;][\/vc_column][vc_column width=&#8221;3\/4&#8243;][vc_separator color=&#8221;white&#8221;][vc_tta_tour style=&#8221;outline&#8221; color=&#8221;purple&#8221; active_section=&#8221;1&#8243; no_fill_content_area=&#8221;true&#8221;][vc_tta_section title=&#8221;Ordin de ministru&#8221; tab_id=&#8221;1518542561280-df59b494-9602&#8243;][vc_column_text css=&#8221;&#8221;]<strong><span style=\"font-size: 12px;\">1. Ordin nr. 2335\/2006 &#8211; Regulament privind concursul de selec\u021bie a proiectelor cinematografice \u00een vederea acord\u0103rii de credite financiare directe pentru dezvoltare de proiecte, produc\u021bie \u0219i distribuire de filme<\/span><\/strong><\/p>\n<p><span style=\"text-decoration: underline;\"><span style=\"font-size: 12px; color: #ba4d9e; text-decoration: underline;\"><a href=\"http:\/\/legislatie.just.ro\/Public\/DetaliiDocument\/194351\"><span style=\"color: #ba4d9e; text-decoration: underline;\">http:\/\/legislatie.just.ro\/Public\/DetaliiDocument\/194351<\/span><\/a><\/span><\/span><\/p>\n<p><span style=\"font-size: 12px;\"><strong>2. Ordin nr. 2379\/2006 &#8211; Normele metodologice pentru aplicarea\u00a0<a href=\"http:\/\/legislatie.just.ro\/Public\/DetaliiDocument\/63969\"><span style=\"color: #ba4d9e;\">Ordonan\u021bei Guvernului nr. 39\/2005<\/span><\/a>\u00a0privind cinematografia, aprobat\u0103 cu modific\u0103ri \u0219i complet\u0103ri prin\u00a0<\/strong><a href=\"http:\/\/legislatie.just.ro\/Public\/DetaliiDocument\/73800\"><span style=\"color: #ba4d9e;\"><strong>Legea nr. 328\/2006<\/strong><\/span><\/a><\/span><\/p>\n<p><span style=\"font-size: 12px; color: #ba4d9e;\"><a style=\"color: #ba4d9e;\" href=\"http:\/\/legislatie.just.ro\/Public\/DetaliiDocument\/76547\">http:\/\/legislatie.just.ro\/Public\/DetaliiDocument\/76547<\/a><\/span><\/p>\n<p><!--<span style=\"font-size: 12px;\"><strong><span class=\"S_DEN\">3. Ordin nr. 2.526\/2014\u00a0<\/span><\/strong><span id=\"id_parA4\" class=\"S_PAR\"><strong>privind aprobarea cuantumului remunera\u0163iilor pentru cesiunea neexclusiv\u0103 a dreptului<\/strong> de utilizare a filmelor ce fac parte din patrimoniul na\u0163ional al cinematografiei, aflat \u00een administrarea Centrului Na\u0163ional al Cinematografiei<\/span><\/span><\/p>\n\n\n\n\n<p><span style=\"font-size: 12px; color: #ba4d9e;\"><a style=\"color: #ba4d9e;\" href=\"http:\/\/legislatie.just.ro\/Public\/DetaliiDocument\/160556\">http:\/\/legislatie.just.ro\/Public\/DetaliiDocument\/160556<\/a><\/span>--><\/p>\n<p><strong><span style=\"font-size: 12px;\">3. Ordin nr. 3744\/2021 din 24 noiembrie 2021<\/span><\/strong><\/p>\n<p>pentru modificarea <u>anexei<\/u> la Ordinul viceprim-ministrului, ministrul culturii, nr. 2.526\/2014 privind aprobarea cuantumului remunera\u0163iilor pentru cesiunea neexclusiv\u0103 a dreptului de utilizare a filmelor ce fac parte din patrimoniul na\u0163ional al cinematografiei, aflat \u00een administrarea Centrului Na\u0163ional al Cinematografiei<\/p>\n<p>EMITENT: MINISTERUL CULTURII<\/p>\n<p>PUBLICAT \u00ceN: MONITORUL OFICIAL NR. 1164 din 8 decembrie 2021<\/p>\n<p><a href=\"\/wp-content\/uploads\/2021\/12\/Ord3744.docx\"><strong>LINK ORDIN<\/strong><\/a>[\/vc_column_text][\/vc_tta_section][vc_tta_section title=&#8221;Lege&#8221; tab_id=&#8221;1518539303827-58a168f0-d13d&#8221;][vc_column_text]<strong>Ordonan\u021ba Guvernului 39\/2005 privind cinematografia cu modific\u0103rile \u0219i complet\u0103rile ulterioare<\/strong><\/p>\n<p><span style=\"color: #ba4d9e;\"><a style=\"color: #ba4d9e;\" href=\"http:\/\/legislatie.just.ro\/Public\/DetaliiDocument\/63969\" target=\"_blank\" rel=\"noopener noreferrer\">http:\/\/legislatie.just.ro\/Public\/DetaliiDocument\/63969<\/a><\/span>[\/vc_column_text][\/vc_tta_section][vc_tta_section title=&#8221;Hot\u0103r\u00e2re de guvern&#8221; tab_id=&#8221;1518542563939-5077b9b1-618e&#8221;][vc_column_text]<\/p>\n<h4><span style=\"font-size: 12px;\">Hot\u0103r\u00e2re a Guvernului nr. 1.064 din 8 septembrie 2005 privind reorganizarea \u015fi func\u0163ionarea Centrului Na\u0163ional al Cinematografiei<\/span><\/h4>\n<h4><span style=\"font-size: 12px; color: #ba4d9e;\"><a style=\"color: #ba4d9e;\" href=\"http:\/\/legislatie.just.ro\/Public\/DetaliiDocument\/31692\">http:\/\/legislatie.just.ro\/Public\/DetaliiDocument\/31692<\/a><\/span><\/h4>\n<h4><span style=\"font-size: 12px;\">Hot\u0103r\u00e2re a Guvernului nr. 1.063 din 8 septembrie 2005 privind reorganizarea \u015fi func\u021bionarea Arhivei Na\u021bionale de Filme<\/span><\/h4>\n<h4><span style=\"font-size: 12px; color: #ba4d9e;\"><a style=\"color: #ba4d9e;\" href=\"http:\/\/legislatie.just.ro\/Public\/DetaliiDocument\/31631\">http:\/\/legislatie.just.ro\/Public\/DetaliiDocument\/31631<\/a><\/span><\/h4>\n<p>[\/vc_column_text][\/vc_tta_section][vc_tta_section title=&#8221;Ajutor de stat&#8221; tab_id=&#8221;1518539303830-8b9df3da-f36f&#8221;][vc_column_text css=&#8221;&#8221;]<strong>Schema de ajutor de stat pentru sus\u021binerea produc\u021biei de filme destinat\u0103 \u00een special difuz\u0103rii \u00een s\u0103lile de cinematograf<\/strong><\/p>\n<p>\u00bb <a href=\"http:\/\/cnc.gov.ro\/wp-content\/uploads\/2025\/09\/Aviz-CC-Schema-productie-septembrie-2025.pdf\">1. Aviz CC &#8211; Schema productie (septembrie 2025)<\/a><br \/>\n<a href=\"http:\/\/cnc.gov.ro\/wp-content\/uploads\/2025\/09\/Decizia-nr.-100-din-22.09.2025-schema-productie.pdf\">Decizia nr. 100 din 22.09.2025 &#8211; schema productie<\/a><br \/>\n<a href=\"http:\/\/cnc.gov.ro\/wp-content\/uploads\/2025\/09\/Schema-productie.pdf\">Schema productie<\/a><br \/>\n\u00bb <a style=\"color: #ba4d9e;\" href=\"\/wp-content\/uploads\/2025\/01\/decizie-prod-fg.pdf\" target=\"_blank\" rel=\"noopener\">2. Decizia Directorului General<\/a><br \/>\n\u00bb <a style=\"color: #ba4d9e;\" href=\"\/wp-content\/uploads\/2025\/01\/schema-prod-fg.docx\" target=\"_blank\" rel=\"noopener\">3. Schema de ajutor de stat pentru sus\u021binerea produc\u021biei de filme destinat\u0103 \u00een special difuz\u0103rii \u00een s\u0103lile de cinematograf<\/a><br \/>\n\u00bb <a style=\"color: #ba4d9e;\" href=\"\/wp-content\/uploads\/2025\/01\/declaratii-prod-fg.doc\" target=\"_blank\" rel=\"noopener\">4. Declara\u021bii<\/a><\/p>\n<p><!--<br \/>\n<a href=\"\/wp-content\/uploads\/2020\/12\/Aviz-CC-15450-din-10.12.2020-Schema-productie-filme.pdf\" target=\"_blank\" rel=\"noopener noreferrer\"><span style=\"color: #ba4d9e;\">1. Avizul Consiliului Concuren\u021bei<\/span><\/a><br \/>\n<span style=\"color: #ba4d9e;\"><a style=\"color: #ba4d9e;\" href=\"\/wp-content\/uploads\/2020\/12\/Decizia-81-din-15.12.2020-Schema-productie-filme.pdf\" target=\"_blank\" rel=\"noopener noreferrer\">2. Decizia Directorului General<\/a><\/span><br \/>\n<span style=\"color: #ba4d9e;\"><a style=\"color: #ba4d9e;\" href=\"\/wp-content\/uploads\/2020\/12\/Schema-Productie-2021-2023.docx.pdf\" target=\"_blank\" rel=\"noopener noreferrer\">3. Anexa 1 \u2013 Schema de produc\u021bie<\/a><\/span><br \/>\n<span style=\"color: #ba4d9e;\"><a style=\"color: #ba4d9e;\" href=\"\/wp-content\/uploads\/2020\/12\/Informatii-sintetice-schema-productie-film-2021-2023.docx.pdf\" target=\"_blank\" rel=\"noopener noreferrer\">4. Anexa 2 \u2013 Informa\u021bii sintetice<\/a><\/span><br \/>\n<a href=\"\/wp-content\/uploads\/2020\/12\/Anexa-2-Schema-productie-film-Declaratii-2021-2023.doc\" target=\"_blank\" rel=\"noopener noreferrer\">5. Declara\u021bii<\/a><\/p>\n\n\n\n\n<p>\u00bb <a style=\"color: #ba4d9e;\" href=\"\/wp-content\/uploads\/2024\/04\/aviz-fest-fg.pdf\" target=\"_blank\" rel=\"noopener\">1. Avizul Consiliului Concuren\u021bei<\/a><br \/>\n\u00bb <a style=\"color: #ba4d9e;\" href=\"\/wp-content\/uploads\/2024\/04\/decizie-fest-fg-1.pdf\" target=\"_blank\" rel=\"noopener\">2. Decizia Directorului General<\/a><br \/>\n\u00bb <a style=\"color: #ba4d9e;\" href=\"\/wp-content\/uploads\/2024\/04\/schema-fest-fg-1.pdf\" target=\"_blank\" rel=\"noopener\">3. Schema de ajutor de stat pentru organizarea de festivaluri de film \u00een Rom\u00e2nia<\/a><br \/>\n\u00bb <a style=\"color: #ba4d9e;\" href=\"\/wp-content\/uploads\/2020\/12\/Anexa-1-Schema-organizare-festivaluri-Cerere.doc\" target=\"_blank\" rel=\"noopener noreferrer\">4. Anexa 1: Cerere de finan\u021bare<\/a><br \/>\n\u00bb <a href=\"\/wp-content\/uploads\/2020\/12\/Anexa-2-Schema-organizare-festivaluri-Declaratii-2021-2023.doc\" target=\"_blank\" rel=\"noopener noreferrer\">5. Anexa 2: Declara\u021bii<\/a><\/p>\n\n\n\n\n<p><span style=\"color: #ba4d9e;\"><a style=\"color: #ba4d9e;\" href=\"\/wp-content\/uploads\/2020\/12\/Aviz-CC-15450-din-10.12.2020-Schema-organizare-festivaluri.pdf\" target=\"_blank\" rel=\"noopener noreferrer\">1. Avizul Consiliului Concuren\u021bei<\/a><\/span><br \/>\n<span style=\"color: #ba4d9e;\"><a style=\"color: #ba4d9e;\" href=\"\/wp-content\/uploads\/2020\/12\/Decizia-80-din-15.12.2020-Schema-organizare-festivaluri.pdf\" target=\"_blank\" rel=\"noopener noreferrer\">2. Decizia Directorului General<\/a><\/span><br \/>\n<span style=\"color: #ba4d9e;\"><a style=\"color: #ba4d9e;\" href=\"\/wp-content\/uploads\/2020\/12\/Schema-pentru-organizarea-de-festivaluri-de-film-in-Romania-2021-2023-.docx.pdf\" target=\"_blank\" rel=\"noopener noreferrer\">3. Schema de ajutor de stat pentru organizarea de festivaluri de film \u00een Rom\u00e2nia<\/a><\/span><br \/>\n<span style=\"color: #ba4d9e;\"><a style=\"color: #ba4d9e;\" href=\"\/wp-content\/uploads\/2020\/12\/Anexa-1-Schema-organizare-festivaluri-Cerere.doc\" target=\"_blank\" rel=\"noopener noreferrer\">4. Anexa 1: Cerere de finan\u021bare<\/a><\/span><br \/>\n<a href=\"\/wp-content\/uploads\/2020\/12\/Anexa-2-Schema-organizare-festivaluri-Declaratii-2021-2023.doc\" target=\"_blank\" rel=\"noopener noreferrer\"><span style=\"text-decoration: underline;\"><span style=\"color: #ba4d9e; text-decoration: underline;\">5. Anexa 2: Declara\u021bii<\/span><\/span><\/a><br \/>\n--><\/p>\n<p><strong>Schema de ajutor de stat pentru organizarea de festivaluri de film in Rom\u00e2nia<\/strong><\/p>\n<p>\u00bb <a style=\"color: #ba4d9e;\" href=\"\/wp-content\/uploads\/2025\/01\/aviz-fest-fg.pdf\" target=\"_blank\" rel=\"noopener\">1. Avizul Consiliului Concuren\u021bei<\/a><br \/>\n\u00bb <a style=\"color: #ba4d9e;\" href=\"\/wp-content\/uploads\/2025\/01\/decizie-fest-fg.pdf\" target=\"_blank\" rel=\"noopener\">2. Decizia Directorului General<\/a><br \/>\n\u00bb <a style=\"color: #ba4d9e;\" href=\"\/wp-content\/uploads\/2025\/01\/schema-fest-fg.docx\" target=\"_blank\" rel=\"noopener\">3. Schema de ajutor de stat pentru organizarea de festivaluri \u00een Rom\u00e2nia<\/a><br \/>\n\u00bb <a style=\"color: #ba4d9e;\" href=\"\/wp-content\/uploads\/2025\/01\/anexa1-fest-fg.doc\" target=\"_blank\" rel=\"noopener\">4. Anexa 1: Cererea de finan\u021bare<\/a><br \/>\n\u00bb <a style=\"color: #ba4d9e;\" href=\"\/wp-content\/uploads\/2025\/01\/anexa2-fest-fg.doc\" target=\"_blank\" rel=\"noopener\">5. Anexa 2: Declara\u021bii<\/a><\/p>\n<p><span style=\"color: #000000;\"><strong>Schema de ajutor de minimis<\/strong><\/span><\/p>\n<p>Poate fi consultat\u0103 <span style=\"color: #ba4d9e;\"><a style=\"color: #ba4d9e;\" href=\"http:\/\/cnc.gov.ro\/?page_id=52353#1521617563050-8418530e-e0cf\">aici<\/a><\/span>[\/vc_column_text][\/vc_tta_section][\/vc_tta_tour][\/vc_column][\/vc_row]<\/p>\n<\/div>","protected":false},"excerpt":{"rendered":"<p>[vc_row][vc_column width=&#8221;1\/4&#8243;][vc_text_separator title=&#8221;&#8221; title_align=&#8221;separator_align_left&#8221; color=&#8221;custom&#8221; accent_color=&#8221;#ffffff&#8221;][vc_text_separator title=&#8221;Legisla\u021bie na\u021bional\u0103&#8221; title_align=&#8221;separator_align_left&#8221; color=&#8221;custom&#8221; accent_color=&#8221;#ba4d9e&#8221;][\/vc_column][vc_column width=&#8221;3\/4&#8243;][vc_separator color=&#8221;white&#8221;][vc_tta_tour style=&#8221;outline&#8221; color=&#8221;purple&#8221; active_section=&#8221;1&#8243; no_fill_content_area=&#8221;true&#8221;][vc_tta_section title=&#8221;Ordin de ministru&#8221; tab_id=&#8221;1518542561280-df59b494-9602&#8243;][vc_column_text css=&#8221;&#8221;]1. Ordin nr. 2335\/2006 &#8211; Regulament privind concursul de selec\u021bie a proiectelor cinematografice \u00een vederea acord\u0103rii de credite financiare directe pentru dezvoltare de proiecte, produc\u021bie \u0219i distribuire de filme http:\/\/legislatie.just.ro\/Public\/DetaliiDocument\/194351 2. Ordin nr. 2379\/2006&hellip;<\/p>\n","protected":false},"author":2,"featured_media":0,"parent":52343,"menu_order":1000,"comment_status":"closed","ping_status":"closed","template":"","meta":{"footnotes":""},"class_list":["post-51642","page","type-page","status-publish","hentry","description-off"],"_links":{"self":[{"href":"http:\/\/cnc.gov.ro\/index.php?rest_route=\/wp\/v2\/pages\/51642","targetHints":{"allow":["GET"]}}],"collection":[{"href":"http:\/\/cnc.gov.ro\/index.php?rest_route=\/wp\/v2\/pages"}],"about":[{"href":"http:\/\/cnc.gov.ro\/index.php?rest_route=\/wp\/v2\/types\/page"}],"author":[{"embeddable":true,"href":"http:\/\/cnc.gov.ro\/index.php?rest_route=\/wp\/v2\/users\/2"}],"replies":[{"embeddable":true,"href":"http:\/\/cnc.gov.ro\/index.php?rest_route=%2Fwp%2Fv2%2Fcomments&post=51642"}],"version-history":[{"count":43,"href":"http:\/\/cnc.gov.ro\/index.php?rest_route=\/wp\/v2\/pages\/51642\/revisions"}],"predecessor-version":[{"id":62432,"href":"http:\/\/cnc.gov.ro\/index.php?rest_route=\/wp\/v2\/pages\/51642\/revisions\/62432"}],"up":[{"embeddable":true,"href":"http:\/\/cnc.gov.ro\/index.php?rest_route=\/wp\/v2\/pages\/52343"}],"wp:attachment":[{"href":"http:\/\/cnc.gov.ro\/index.php?rest_route=%2Fwp%2Fv2%2Fmedia&parent=51642"}],"curies":[{"name":"wp","href":"https:\/\/api.w.org\/{rel}","templated":true}]}}